{"id":1325,"date":"2017-02-27T23:09:58","date_gmt":"2017-02-27T23:09:58","guid":{"rendered":"http:\/\/www.rejs.eu\/ofertadlaprzemyslu\/lakierowanie-proszkowe-2\/"},"modified":"2017-08-07T06:10:41","modified_gmt":"2017-08-07T06:10:41","slug":"lakierowanie-proszkowe-2","status":"publish","type":"page","link":"https:\/\/www.rejs.eu\/ru\/ofertadlaprzemyslu\/lakierowanie-proszkowe-2\/","title":{"rendered":"\u041f\u043e\u0440\u043e\u0448\u043a\u043e\u0432\u043e\u0435 \u043b\u0430\u043a\u0438\u0440\u043e\u0432\u0430\u043d\u0438\u0435"},"content":{"rendered":"<ul>\n<li>\u0432\u0438\u0434\u044b \u043c\u0430\u0448\u0438\u043d: \u0442\u0440\u0438 \u043f\u043e\u043b\u0443\u0430\u0432\u0442\u043e\u043c\u0430\u0442\u0438\u0447\u0435\u0441\u0438\u043a\u0435 \u043b\u0430\u043a\u0435\u0440\u043d\u044b\u0435 \u043b\u0438\u043d\u0438\u0438<\/li>\n<\/ul>\n<p><strong>\u041f\u0440\u0435\u0434\u043b\u043e\u0433\u0430\u0435\u043c \u0443\u0441\u043b\u0443\u0433\u0443 \u0432 \u043f\u0435\u0440\u0435\u0434\u0435\u043b\u0430\u0445:<\/strong><\/p>\n<ul>\n<li>\u043d\u0430\u043d\u0435\u0441\u0435\u043d\u0438\u0435 \u043f\u043e\u0440\u043e\u0448\u043a\u0430 \u043c\u0435\u0442\u043e\u0434\u043e\u0439 \u044d\u043b\u0435\u043a\u0442\u0440\u043e\u0441\u0442\u0430\u0442\u0438\u0447\u0435\u0441\u043a\u043e\u0439<\/li>\n<li>\u0440\u0430\u0437\u043c\u0435\u0440 \u043a\u0430\u043c\u0435\u0440\u044b 4000 x 600 x 1200\u043c\u043c (\u0434\u043b\u0438\u043d\u0430\/\u0448\u0438\u0440\u0438\u043d\u0430\/\u0432\u044b\u0441\u043e\u0442\u0430)<\/li>\n<li>\u0446\u0435\u043b\u0430\u044f \u0446\u0432\u0435\u0442\u043e\u0432\u0430\u044f \u0433\u0430\u043c\u043c\u0430 RAL<\/li>\n<\/ul>\n<p><strong>\u041f\u043e\u0434\u0433\u043e\u0442\u043e\u0432\u043a\u0430 \u043f\u043e\u0432\u0435\u0440\u0445\u043d\u043e\u0441\u0442\u0438 \u043f\u0435\u0440\u0435\u0434 \u043a\u0440\u0430\u0448\u0435\u043d\u0438\u0435\u043c:<\/strong><\/p>\n<ul>\n<li>\u043c\u044b\u0442\u044c\u0435<\/li>\n<li>\u0444\u043e\u0441\u0444\u0430\u0442\u0438\u0440\u043e\u0432\u0430\u043d\u0438\u0435 \u0434\u043b\u044f \u0441\u0442\u0430\u043b\u0438<\/li>\n<li>\u0445\u0440\u043e\u043c\u0430\u0442\u0438\u0440\u043e\u0432\u0430\u043d\u0438\u0435 \u0434\u043b\u044f \u0430\u043b\u044e\u043c\u0438\u043d\u0438\u0439<\/li>\n<\/ul>\n<div id='gallery-1' class='gallery galleryid-1325 gallery-columns-2 gallery-size-full'><figure class='gallery-item'>\n\t\t\t<div class='gallery-icon landscape'>\n\t\t\t\t<img loading=\"lazy\" decoding=\"async\" width=\"650\" height=\"266\" src=\"https:\/\/www.rejs.eu\/wp-content\/uploads\/2017\/02\/lp04.jpg\" class=\"attachment-full size-full\" alt=\"\" srcset=\"https:\/\/www.rejs.eu\/wp-content\/uploads\/2017\/02\/lp04.jpg 650w, https:\/\/www.rejs.eu\/wp-content\/uploads\/2017\/02\/lp04-300x123.jpg 300w, https:\/\/www.rejs.eu\/wp-content\/uploads\/2017\/02\/lp04-600x246.jpg 600w, https:\/\/www.rejs.eu\/wp-content\/uploads\/2017\/02\/lp04-100x41.jpg 100w, https:\/\/www.rejs.eu\/wp-content\/uploads\/2017\/02\/lp04-299x122.jpg 299w, https:\/\/www.rejs.eu\/wp-content\/uploads\/2017\/02\/lp04-467x191.jpg 467w\" sizes=\"auto, (max-width: 650px) 100vw, 650px\" \/>\n\t\t\t<\/div><\/figure><figure class='gallery-item'>\n\t\t\t<div class='gallery-icon landscape'>\n\t\t\t\t<img loading=\"lazy\" decoding=\"async\" width=\"650\" height=\"266\" src=\"https:\/\/www.rejs.eu\/wp-content\/uploads\/2017\/02\/lp03.jpg\" class=\"attachment-full size-full\" alt=\"\" srcset=\"https:\/\/www.rejs.eu\/wp-content\/uploads\/2017\/02\/lp03.jpg 650w, https:\/\/www.rejs.eu\/wp-content\/uploads\/2017\/02\/lp03-300x123.jpg 300w, https:\/\/www.rejs.eu\/wp-content\/uploads\/2017\/02\/lp03-600x246.jpg 600w, https:\/\/www.rejs.eu\/wp-content\/uploads\/2017\/02\/lp03-100x41.jpg 100w, https:\/\/www.rejs.eu\/wp-content\/uploads\/2017\/02\/lp03-299x122.jpg 299w, https:\/\/www.rejs.eu\/wp-content\/uploads\/2017\/02\/lp03-467x191.jpg 467w\" sizes=\"auto, (max-width: 650px) 100vw, 650px\" \/>\n\t\t\t<\/div><\/figure><figure class='gallery-item'>\n\t\t\t<div class='gallery-icon landscape'>\n\t\t\t\t<img loading=\"lazy\" decoding=\"async\" width=\"650\" height=\"266\" src=\"https:\/\/www.rejs.eu\/wp-content\/uploads\/2017\/02\/lp02.jpg\" class=\"attachment-full size-full\" alt=\"\" srcset=\"https:\/\/www.rejs.eu\/wp-content\/uploads\/2017\/02\/lp02.jpg 650w, https:\/\/www.rejs.eu\/wp-content\/uploads\/2017\/02\/lp02-300x123.jpg 300w, https:\/\/www.rejs.eu\/wp-content\/uploads\/2017\/02\/lp02-600x246.jpg 600w, https:\/\/www.rejs.eu\/wp-content\/uploads\/2017\/02\/lp02-100x41.jpg 100w, https:\/\/www.rejs.eu\/wp-content\/uploads\/2017\/02\/lp02-299x122.jpg 299w, https:\/\/www.rejs.eu\/wp-content\/uploads\/2017\/02\/lp02-467x191.jpg 467w\" sizes=\"auto, (max-width: 650px) 100vw, 650px\" \/>\n\t\t\t<\/div><\/figure><figure class='gallery-item'>\n\t\t\t<div class='gallery-icon landscape'>\n\t\t\t\t<img loading=\"lazy\" decoding=\"async\" width=\"650\" height=\"266\" src=\"https:\/\/www.rejs.eu\/wp-content\/uploads\/2017\/02\/lp01.jpg\" class=\"attachment-full size-full\" alt=\"\" srcset=\"https:\/\/www.rejs.eu\/wp-content\/uploads\/2017\/02\/lp01.jpg 650w, https:\/\/www.rejs.eu\/wp-content\/uploads\/2017\/02\/lp01-300x123.jpg 300w, https:\/\/www.rejs.eu\/wp-content\/uploads\/2017\/02\/lp01-600x246.jpg 600w, https:\/\/www.rejs.eu\/wp-content\/uploads\/2017\/02\/lp01-100x41.jpg 100w, https:\/\/www.rejs.eu\/wp-content\/uploads\/2017\/02\/lp01-299x122.jpg 299w, https:\/\/www.rejs.eu\/wp-content\/uploads\/2017\/02\/lp01-467x191.jpg 467w\" sizes=\"auto, (max-width: 650px) 100vw, 650px\" \/>\n\t\t\t<\/div><\/figure>\n\t\t<\/div>\n\n","protected":false},"excerpt":{"rendered":"<p>\u0432\u0438\u0434\u044b \u043c\u0430\u0448\u0438\u043d: \u0442\u0440\u0438 \u043f\u043e\u043b\u0443\u0430\u0432\u0442\u043e\u043c\u0430\u0442\u0438\u0447\u0435\u0441\u0438\u043a\u0435 \u043b\u0430\u043a\u0435\u0440\u043d\u044b\u0435 \u043b\u0438\u043d\u0438\u0438 \u041f\u0440\u0435\u0434\u043b\u043e\u0433\u0430\u0435\u043c \u0443\u0441\u043b\u0443\u0433\u0443 \u0432 \u043f\u0435\u0440\u0435\u0434\u0435\u043b\u0430\u0445: \u043d\u0430\u043d\u0435\u0441\u0435\u043d\u0438\u0435 \u043f\u043e\u0440\u043e\u0448\u043a\u0430 \u043c\u0435\u0442\u043e\u0434\u043e\u0439 \u044d\u043b\u0435\u043a\u0442\u0440\u043e\u0441\u0442\u0430\u0442\u0438\u0447\u0435\u0441\u043a\u043e\u0439 \u0440\u0430\u0437\u043c\u0435\u0440 \u043a\u0430\u043c\u0435\u0440\u044b 4000 x 600 x 1200\u043c\u043c (\u0434\u043b\u0438\u043d\u0430\/\u0448\u0438\u0440\u0438\u043d\u0430\/\u0432\u044b\u0441\u043e\u0442\u0430) \u0446\u0435\u043b\u0430\u044f \u0446\u0432\u0435\u0442\u043e\u0432\u0430\u044f \u0433\u0430\u043c\u043c\u0430 RAL \u041f\u043e\u0434\u0433\u043e\u0442\u043e\u0432\u043a\u0430 \u043f\u043e\u0432\u0435\u0440\u0445\u043d\u043e\u0441\u0442\u0438 \u043f\u0435\u0440\u0435\u0434 \u043a\u0440\u0430\u0448\u0435\u043d\u0438\u0435\u043c: \u043c\u044b\u0442\u044c\u0435 \u0444\u043e\u0441\u0444\u0430\u0442\u0438\u0440\u043e\u0432\u0430\u043d\u0438\u0435 \u0434\u043b\u044f \u0441\u0442\u0430\u043b\u0438 \u0445\u0440\u043e\u043c\u0430\u0442\u0438\u0440\u043e\u0432\u0430\u043d\u0438\u0435 \u0434\u043b\u044f \u0430\u043b\u044e\u043c\u0438\u043d\u0438\u0439<\/p>\n","protected":false},"author":1,"featured_media":2500,"parent":1271,"menu_order":0,"comment_status":"closed","ping_status":"closed","template":"","meta":{"_acf_changed":false,"footnotes":""},"class_list":["post-1325","page","type-page","status-publish","has-post-thumbnail","hentry"],"acf":[],"yoast_head":"<!-- This site is optimized with the Yoast SEO plugin v25.5 - https:\/\/yoast.com\/wordpress\/plugins\/seo\/ -->\n<title>\u041f\u043e\u0440\u043e\u0448\u043a\u043e\u0432\u043e\u0435 \u043b\u0430\u043a\u0438\u0440\u043e\u0432\u0430\u043d\u0438\u0435 - Rejs<\/title>\n<meta name=\"robots\" content=\"index, follow, max-snippet:-1, max-image-preview:large, max-video-preview:-1\" \/>\n<meta property=\"og:locale\" content=\"ru_RU\" \/>\n<meta property=\"og:type\" content=\"article\" \/>\n<meta property=\"og:title\" content=\"\u041f\u043e\u0440\u043e\u0448\u043a\u043e\u0432\u043e\u0435 \u043b\u0430\u043a\u0438\u0440\u043e\u0432\u0430\u043d\u0438\u0435 - Rejs\" \/>\n<meta property=\"og:description\" content=\"\u0432\u0438\u0434\u044b \u043c\u0430\u0448\u0438\u043d: \u0442\u0440\u0438 \u043f\u043e\u043b\u0443\u0430\u0432\u0442\u043e\u043c\u0430\u0442\u0438\u0447\u0435\u0441\u0438\u043a\u0435 \u043b\u0430\u043a\u0435\u0440\u043d\u044b\u0435 \u043b\u0438\u043d\u0438\u0438 \u041f\u0440\u0435\u0434\u043b\u043e\u0433\u0430\u0435\u043c \u0443\u0441\u043b\u0443\u0433\u0443 \u0432 \u043f\u0435\u0440\u0435\u0434\u0435\u043b\u0430\u0445: \u043d\u0430\u043d\u0435\u0441\u0435\u043d\u0438\u0435 \u043f\u043e\u0440\u043e\u0448\u043a\u0430 \u043c\u0435\u0442\u043e\u0434\u043e\u0439 \u044d\u043b\u0435\u043a\u0442\u0440\u043e\u0441\u0442\u0430\u0442\u0438\u0447\u0435\u0441\u043a\u043e\u0439 \u0440\u0430\u0437\u043c\u0435\u0440 \u043a\u0430\u043c\u0435\u0440\u044b 4000 x 600 x 1200\u043c\u043c (\u0434\u043b\u0438\u043d\u0430\/\u0448\u0438\u0440\u0438\u043d\u0430\/\u0432\u044b\u0441\u043e\u0442\u0430) \u0446\u0435\u043b\u0430\u044f \u0446\u0432\u0435\u0442\u043e\u0432\u0430\u044f \u0433\u0430\u043c\u043c\u0430 RAL \u041f\u043e\u0434\u0433\u043e\u0442\u043e\u0432\u043a\u0430 \u043f\u043e\u0432\u0435\u0440\u0445\u043d\u043e\u0441\u0442\u0438 \u043f\u0435\u0440\u0435\u0434 \u043a\u0440\u0430\u0448\u0435\u043d\u0438\u0435\u043c: \u043c\u044b\u0442\u044c\u0435 \u0444\u043e\u0441\u0444\u0430\u0442\u0438\u0440\u043e\u0432\u0430\u043d\u0438\u0435 \u0434\u043b\u044f \u0441\u0442\u0430\u043b\u0438 \u0445\u0440\u043e\u043c\u0430\u0442\u0438\u0440\u043e\u0432\u0430\u043d\u0438\u0435 \u0434\u043b\u044f \u0430\u043b\u044e\u043c\u0438\u043d\u0438\u0439\" \/>\n<meta property=\"og:url\" content=\"https:\/\/www.rejs.eu\/ru\/ofertadlaprzemyslu\/lakierowanie-proszkowe-2\/\" \/>\n<meta property=\"og:site_name\" content=\"Rejs\" \/>\n<meta property=\"article:modified_time\" content=\"2017-08-07T06:10:41+00:00\" \/>\n<meta property=\"og:image\" content=\"https:\/\/www.rejs.eu\/wp-content\/uploads\/2017\/02\/proszkowe_2a-1.jpg\" \/>\n\t<meta property=\"og:image:width\" content=\"1600\" \/>\n\t<meta property=\"og:image:height\" content=\"336\" \/>\n\t<meta property=\"og:image:type\" content=\"image\/jpeg\" \/>\n<meta name=\"twitter:card\" content=\"summary_large_image\" \/>\n<script type=\"application\/ld+json\" class=\"yoast-schema-graph\">{\"@context\":\"https:\/\/schema.org\",\"@graph\":[{\"@type\":\"WebPage\",\"@id\":\"https:\/\/www.rejs.eu\/ru\/ofertadlaprzemyslu\/lakierowanie-proszkowe-2\/\",\"url\":\"https:\/\/www.rejs.eu\/ru\/ofertadlaprzemyslu\/lakierowanie-proszkowe-2\/\",\"name\":\"\u041f\u043e\u0440\u043e\u0448\u043a\u043e\u0432\u043e\u0435 \u043b\u0430\u043a\u0438\u0440\u043e\u0432\u0430\u043d\u0438\u0435 - Rejs\",\"isPartOf\":{\"@id\":\"https:\/\/www.rejs.eu\/#website\"},\"primaryImageOfPage\":{\"@id\":\"https:\/\/www.rejs.eu\/ru\/ofertadlaprzemyslu\/lakierowanie-proszkowe-2\/#primaryimage\"},\"image\":{\"@id\":\"https:\/\/www.rejs.eu\/ru\/ofertadlaprzemyslu\/lakierowanie-proszkowe-2\/#primaryimage\"},\"thumbnailUrl\":\"https:\/\/www.rejs.eu\/wp-content\/uploads\/2017\/02\/proszkowe_2a-1.jpg\",\"datePublished\":\"2017-02-27T23:09:58+00:00\",\"dateModified\":\"2017-08-07T06:10:41+00:00\",\"breadcrumb\":{\"@id\":\"https:\/\/www.rejs.eu\/ru\/ofertadlaprzemyslu\/lakierowanie-proszkowe-2\/#breadcrumb\"},\"inLanguage\":\"ru-RU\",\"potentialAction\":[{\"@type\":\"ReadAction\",\"target\":[\"https:\/\/www.rejs.eu\/ru\/ofertadlaprzemyslu\/lakierowanie-proszkowe-2\/\"]}]},{\"@type\":\"ImageObject\",\"inLanguage\":\"ru-RU\",\"@id\":\"https:\/\/www.rejs.eu\/ru\/ofertadlaprzemyslu\/lakierowanie-proszkowe-2\/#primaryimage\",\"url\":\"https:\/\/www.rejs.eu\/wp-content\/uploads\/2017\/02\/proszkowe_2a-1.jpg\",\"contentUrl\":\"https:\/\/www.rejs.eu\/wp-content\/uploads\/2017\/02\/proszkowe_2a-1.jpg\",\"width\":1600,\"height\":336},{\"@type\":\"BreadcrumbList\",\"@id\":\"https:\/\/www.rejs.eu\/ru\/ofertadlaprzemyslu\/lakierowanie-proszkowe-2\/#breadcrumb\",\"itemListElement\":[{\"@type\":\"ListItem\",\"position\":1,\"name\":\"Home\",\"item\":\"https:\/\/www.rejs.eu\/ru\/\"},{\"@type\":\"ListItem\",\"position\":2,\"name\":\"\u041f\u0440\u0435\u0434\u043b\u043e\u0436\u0435\u043d\u0438\u0435 \u0434\u043b\u044f \u043f\u0440\u043e\u043c\u044b\u0448\u043b\u0435\u043d\u043d\u043e\u0441\u0442\u0438\",\"item\":\"https:\/\/www.rejs.eu\/ru\/ofertadlaprzemyslu\/\"},{\"@type\":\"ListItem\",\"position\":3,\"name\":\"\u041f\u043e\u0440\u043e\u0448\u043a\u043e\u0432\u043e\u0435 \u043b\u0430\u043a\u0438\u0440\u043e\u0432\u0430\u043d\u0438\u0435\"}]},{\"@type\":\"WebSite\",\"@id\":\"https:\/\/www.rejs.eu\/#website\",\"url\":\"https:\/\/www.rejs.eu\/\",\"name\":\"Rejs\",\"description\":\"Rejs jest jedn\u0105 z wiod\u0105cych firm sektora akcesori\u00f3w meblowych w Europie, wyspecjalizowan\u0105 w produkcji element\u00f3w wyposa\u017cenia z drutu, stali i aluminium do nowoczesnej kuchni i garderoby.\",\"potentialAction\":[{\"@type\":\"SearchAction\",\"target\":{\"@type\":\"EntryPoint\",\"urlTemplate\":\"https:\/\/www.rejs.eu\/?s={search_term_string}\"},\"query-input\":{\"@type\":\"PropertyValueSpecification\",\"valueRequired\":true,\"valueName\":\"search_term_string\"}}],\"inLanguage\":\"ru-RU\"}]}<\/script>\n<!-- \/ Yoast SEO plugin. -->","yoast_head_json":{"title":"\u041f\u043e\u0440\u043e\u0448\u043a\u043e\u0432\u043e\u0435 \u043b\u0430\u043a\u0438\u0440\u043e\u0432\u0430\u043d\u0438\u0435 - Rejs","robots":{"index":"index","follow":"follow","max-snippet":"max-snippet:-1","max-image-preview":"max-image-preview:large","max-video-preview":"max-video-preview:-1"},"og_locale":"ru_RU","og_type":"article","og_title":"\u041f\u043e\u0440\u043e\u0448\u043a\u043e\u0432\u043e\u0435 \u043b\u0430\u043a\u0438\u0440\u043e\u0432\u0430\u043d\u0438\u0435 - Rejs","og_description":"\u0432\u0438\u0434\u044b \u043c\u0430\u0448\u0438\u043d: \u0442\u0440\u0438 \u043f\u043e\u043b\u0443\u0430\u0432\u0442\u043e\u043c\u0430\u0442\u0438\u0447\u0435\u0441\u0438\u043a\u0435 \u043b\u0430\u043a\u0435\u0440\u043d\u044b\u0435 \u043b\u0438\u043d\u0438\u0438 \u041f\u0440\u0435\u0434\u043b\u043e\u0433\u0430\u0435\u043c \u0443\u0441\u043b\u0443\u0433\u0443 \u0432 \u043f\u0435\u0440\u0435\u0434\u0435\u043b\u0430\u0445: \u043d\u0430\u043d\u0435\u0441\u0435\u043d\u0438\u0435 \u043f\u043e\u0440\u043e\u0448\u043a\u0430 \u043c\u0435\u0442\u043e\u0434\u043e\u0439 \u044d\u043b\u0435\u043a\u0442\u0440\u043e\u0441\u0442\u0430\u0442\u0438\u0447\u0435\u0441\u043a\u043e\u0439 \u0440\u0430\u0437\u043c\u0435\u0440 \u043a\u0430\u043c\u0435\u0440\u044b 4000 x 600 x 1200\u043c\u043c (\u0434\u043b\u0438\u043d\u0430\/\u0448\u0438\u0440\u0438\u043d\u0430\/\u0432\u044b\u0441\u043e\u0442\u0430) \u0446\u0435\u043b\u0430\u044f \u0446\u0432\u0435\u0442\u043e\u0432\u0430\u044f \u0433\u0430\u043c\u043c\u0430 RAL \u041f\u043e\u0434\u0433\u043e\u0442\u043e\u0432\u043a\u0430 \u043f\u043e\u0432\u0435\u0440\u0445\u043d\u043e\u0441\u0442\u0438 \u043f\u0435\u0440\u0435\u0434 \u043a\u0440\u0430\u0448\u0435\u043d\u0438\u0435\u043c: \u043c\u044b\u0442\u044c\u0435 \u0444\u043e\u0441\u0444\u0430\u0442\u0438\u0440\u043e\u0432\u0430\u043d\u0438\u0435 \u0434\u043b\u044f \u0441\u0442\u0430\u043b\u0438 \u0445\u0440\u043e\u043c\u0430\u0442\u0438\u0440\u043e\u0432\u0430\u043d\u0438\u0435 \u0434\u043b\u044f \u0430\u043b\u044e\u043c\u0438\u043d\u0438\u0439","og_url":"https:\/\/www.rejs.eu\/ru\/ofertadlaprzemyslu\/lakierowanie-proszkowe-2\/","og_site_name":"Rejs","article_modified_time":"2017-08-07T06:10:41+00:00","og_image":[{"width":1600,"height":336,"url":"https:\/\/www.rejs.eu\/wp-content\/uploads\/2017\/02\/proszkowe_2a-1.jpg","type":"image\/jpeg"}],"twitter_card":"summary_large_image","schema":{"@context":"https:\/\/schema.org","@graph":[{"@type":"WebPage","@id":"https:\/\/www.rejs.eu\/ru\/ofertadlaprzemyslu\/lakierowanie-proszkowe-2\/","url":"https:\/\/www.rejs.eu\/ru\/ofertadlaprzemyslu\/lakierowanie-proszkowe-2\/","name":"\u041f\u043e\u0440\u043e\u0448\u043a\u043e\u0432\u043e\u0435 \u043b\u0430\u043a\u0438\u0440\u043e\u0432\u0430\u043d\u0438\u0435 - Rejs","isPartOf":{"@id":"https:\/\/www.rejs.eu\/#website"},"primaryImageOfPage":{"@id":"https:\/\/www.rejs.eu\/ru\/ofertadlaprzemyslu\/lakierowanie-proszkowe-2\/#primaryimage"},"image":{"@id":"https:\/\/www.rejs.eu\/ru\/ofertadlaprzemyslu\/lakierowanie-proszkowe-2\/#primaryimage"},"thumbnailUrl":"https:\/\/www.rejs.eu\/wp-content\/uploads\/2017\/02\/proszkowe_2a-1.jpg","datePublished":"2017-02-27T23:09:58+00:00","dateModified":"2017-08-07T06:10:41+00:00","breadcrumb":{"@id":"https:\/\/www.rejs.eu\/ru\/ofertadlaprzemyslu\/lakierowanie-proszkowe-2\/#breadcrumb"},"inLanguage":"ru-RU","potentialAction":[{"@type":"ReadAction","target":["https:\/\/www.rejs.eu\/ru\/ofertadlaprzemyslu\/lakierowanie-proszkowe-2\/"]}]},{"@type":"ImageObject","inLanguage":"ru-RU","@id":"https:\/\/www.rejs.eu\/ru\/ofertadlaprzemyslu\/lakierowanie-proszkowe-2\/#primaryimage","url":"https:\/\/www.rejs.eu\/wp-content\/uploads\/2017\/02\/proszkowe_2a-1.jpg","contentUrl":"https:\/\/www.rejs.eu\/wp-content\/uploads\/2017\/02\/proszkowe_2a-1.jpg","width":1600,"height":336},{"@type":"BreadcrumbList","@id":"https:\/\/www.rejs.eu\/ru\/ofertadlaprzemyslu\/lakierowanie-proszkowe-2\/#breadcrumb","itemListElement":[{"@type":"ListItem","position":1,"name":"Home","item":"https:\/\/www.rejs.eu\/ru\/"},{"@type":"ListItem","position":2,"name":"\u041f\u0440\u0435\u0434\u043b\u043e\u0436\u0435\u043d\u0438\u0435 \u0434\u043b\u044f \u043f\u0440\u043e\u043c\u044b\u0448\u043b\u0435\u043d\u043d\u043e\u0441\u0442\u0438","item":"https:\/\/www.rejs.eu\/ru\/ofertadlaprzemyslu\/"},{"@type":"ListItem","position":3,"name":"\u041f\u043e\u0440\u043e\u0448\u043a\u043e\u0432\u043e\u0435 \u043b\u0430\u043a\u0438\u0440\u043e\u0432\u0430\u043d\u0438\u0435"}]},{"@type":"WebSite","@id":"https:\/\/www.rejs.eu\/#website","url":"https:\/\/www.rejs.eu\/","name":"Rejs","description":"Rejs jest jedn\u0105 z wiod\u0105cych firm sektora akcesori\u00f3w meblowych w Europie, wyspecjalizowan\u0105 w produkcji element\u00f3w wyposa\u017cenia z drutu, stali i aluminium do nowoczesnej kuchni i garderoby.","potentialAction":[{"@type":"SearchAction","target":{"@type":"EntryPoint","urlTemplate":"https:\/\/www.rejs.eu\/?s={search_term_string}"},"query-input":{"@type":"PropertyValueSpecification","valueRequired":true,"valueName":"search_term_string"}}],"inLanguage":"ru-RU"}]}},"_links":{"self":[{"href":"https:\/\/www.rejs.eu\/ru\/wp-json\/wp\/v2\/pages\/1325","targetHints":{"allow":["GET"]}}],"collection":[{"href":"https:\/\/www.rejs.eu\/ru\/wp-json\/wp\/v2\/pages"}],"about":[{"href":"https:\/\/www.rejs.eu\/ru\/wp-json\/wp\/v2\/types\/page"}],"author":[{"embeddable":true,"href":"https:\/\/www.rejs.eu\/ru\/wp-json\/wp\/v2\/users\/1"}],"replies":[{"embeddable":true,"href":"https:\/\/www.rejs.eu\/ru\/wp-json\/wp\/v2\/comments?post=1325"}],"version-history":[{"count":8,"href":"https:\/\/www.rejs.eu\/ru\/wp-json\/wp\/v2\/pages\/1325\/revisions"}],"predecessor-version":[{"id":3218,"href":"https:\/\/www.rejs.eu\/ru\/wp-json\/wp\/v2\/pages\/1325\/revisions\/3218"}],"up":[{"embeddable":true,"href":"https:\/\/www.rejs.eu\/ru\/wp-json\/wp\/v2\/pages\/1271"}],"wp:featuredmedia":[{"embeddable":true,"href":"https:\/\/www.rejs.eu\/ru\/wp-json\/wp\/v2\/media\/2500"}],"wp:attachment":[{"href":"https:\/\/www.rejs.eu\/ru\/wp-json\/wp\/v2\/media?parent=1325"}],"curies":[{"name":"wp","href":"https:\/\/api.w.org\/{rel}","templated":true}]}}