{"id":40618,"date":"2023-04-25T12:46:14","date_gmt":"2023-04-25T12:46:14","guid":{"rendered":"https:\/\/www.rejs.eu\/?page_id=40618"},"modified":"2023-04-27T07:27:25","modified_gmt":"2023-04-27T07:27:25","slug":"upholstery-accessories","status":"publish","type":"page","link":"https:\/\/www.rejs.eu\/en\/upholstery-accessories\/","title":{"rendered":"Upholstery accessories"},"content":{"rendered":"\n<p>In our offer you can find, among others, furniture lifts, bed frames, headrests, furniture legs, and hinges that will allow you to create furniture tailored to your needs and requirements.<\/p>\n<p>If you need furniture lifts, you will find a wide assortment of different types of it. Our lifts allow for easy and conveniently opening and closing the beds. They can also be used as a closing mechanism for a storage container.<\/p>\n<p>Bed frames are another product that you will find in our offer. We offer you defferent type of bed frames which will meet all individual needs and preferences. Our headrests for sofas and armchairs will allow you to create a comfortable and stylish place for relaxing.<\/p>\n<p>Furniture legs are an important part of any furniture item. We available to offer you different models of feet to make your furniture stable and comfortable. All our furniture feet and legs are made of high-quality materials.<\/p>\n<p>We offer a wide assortment of products that will allow you to customize your furniture to your and your clients individual needs and requirements. We invite you to check and try our products and service!<\/p>\n\n\n\n<figure class=\"wp-block-gallery has-nested-images columns-2 is-cropped wp-block-gallery-1 is-layout-flex wp-block-gallery-is-layout-flex\">\n<figure class=\"wp-block-image size-full is-style-default\"><a href=\"https:\/\/www.rejs.eu\/wp-content\/uploads\/2023\/04\/lozko.jpg\" target=\"_blank\" rel=\"noopener\"><img loading=\"lazy\" decoding=\"async\" width=\"650\" height=\"266\" data-id=\"40634\" src=\"https:\/\/www.rejs.eu\/wp-content\/uploads\/2023\/04\/lozko.jpg\" alt=\"\" class=\"wp-image-40634\" srcset=\"https:\/\/www.rejs.eu\/wp-content\/uploads\/2023\/04\/lozko.jpg 650w, https:\/\/www.rejs.eu\/wp-content\/uploads\/2023\/04\/lozko-300x123.jpg 300w, https:\/\/www.rejs.eu\/wp-content\/uploads\/2023\/04\/lozko-600x246.jpg 600w, https:\/\/www.rejs.eu\/wp-content\/uploads\/2023\/04\/lozko-100x41.jpg 100w, https:\/\/www.rejs.eu\/wp-content\/uploads\/2023\/04\/lozko-299x122.jpg 299w, https:\/\/www.rejs.eu\/wp-content\/uploads\/2023\/04\/lozko-467x191.jpg 467w\" sizes=\"auto, (max-width: 650px) 100vw, 650px\" \/><\/a><\/figure>\n\n\n\n<figure class=\"wp-block-image size-full is-style-default\"><a href=\"https:\/\/www.rejs.eu\/wp-content\/uploads\/2023\/04\/podnosnik-lozka.jpg\" target=\"_blank\" rel=\"noopener\"><img loading=\"lazy\" decoding=\"async\" width=\"650\" height=\"266\" data-id=\"40638\" src=\"https:\/\/www.rejs.eu\/wp-content\/uploads\/2023\/04\/podnosnik-lozka.jpg\" alt=\"\" class=\"wp-image-40638\" srcset=\"https:\/\/www.rejs.eu\/wp-content\/uploads\/2023\/04\/podnosnik-lozka.jpg 650w, https:\/\/www.rejs.eu\/wp-content\/uploads\/2023\/04\/podnosnik-lozka-300x123.jpg 300w, https:\/\/www.rejs.eu\/wp-content\/uploads\/2023\/04\/podnosnik-lozka-600x246.jpg 600w, https:\/\/www.rejs.eu\/wp-content\/uploads\/2023\/04\/podnosnik-lozka-100x41.jpg 100w, https:\/\/www.rejs.eu\/wp-content\/uploads\/2023\/04\/podnosnik-lozka-299x122.jpg 299w, https:\/\/www.rejs.eu\/wp-content\/uploads\/2023\/04\/podnosnik-lozka-467x191.jpg 467w\" sizes=\"auto, (max-width: 650px) 100vw, 650px\" \/><\/a><\/figure>\n\n\n\n<figure class=\"wp-block-image size-full is-style-default\"><a href=\"https:\/\/www.rejs.eu\/wp-content\/uploads\/2023\/04\/rama-lozka-z-listwami.jpg\" target=\"_blank\" rel=\"noopener\"><img loading=\"lazy\" decoding=\"async\" width=\"650\" height=\"266\" data-id=\"40642\" src=\"https:\/\/www.rejs.eu\/wp-content\/uploads\/2023\/04\/rama-lozka-z-listwami.jpg\" alt=\"\" class=\"wp-image-40642\" srcset=\"https:\/\/www.rejs.eu\/wp-content\/uploads\/2023\/04\/rama-lozka-z-listwami.jpg 650w, https:\/\/www.rejs.eu\/wp-content\/uploads\/2023\/04\/rama-lozka-z-listwami-300x123.jpg 300w, https:\/\/www.rejs.eu\/wp-content\/uploads\/2023\/04\/rama-lozka-z-listwami-600x246.jpg 600w, https:\/\/www.rejs.eu\/wp-content\/uploads\/2023\/04\/rama-lozka-z-listwami-100x41.jpg 100w, https:\/\/www.rejs.eu\/wp-content\/uploads\/2023\/04\/rama-lozka-z-listwami-299x122.jpg 299w, https:\/\/www.rejs.eu\/wp-content\/uploads\/2023\/04\/rama-lozka-z-listwami-467x191.jpg 467w\" sizes=\"auto, (max-width: 650px) 100vw, 650px\" \/><\/a><\/figure>\n\n\n\n<figure class=\"wp-block-image size-full is-style-default\"><a href=\"https:\/\/www.rejs.eu\/wp-content\/uploads\/2023\/04\/rama-lozka-z-podnosnikami.jpg\" target=\"_blank\" rel=\"noopener\"><img loading=\"lazy\" decoding=\"async\" width=\"650\" height=\"266\" data-id=\"40646\" src=\"https:\/\/www.rejs.eu\/wp-content\/uploads\/2023\/04\/rama-lozka-z-podnosnikami.jpg\" alt=\"\" class=\"wp-image-40646\" srcset=\"https:\/\/www.rejs.eu\/wp-content\/uploads\/2023\/04\/rama-lozka-z-podnosnikami.jpg 650w, https:\/\/www.rejs.eu\/wp-content\/uploads\/2023\/04\/rama-lozka-z-podnosnikami-300x123.jpg 300w, https:\/\/www.rejs.eu\/wp-content\/uploads\/2023\/04\/rama-lozka-z-podnosnikami-600x246.jpg 600w, https:\/\/www.rejs.eu\/wp-content\/uploads\/2023\/04\/rama-lozka-z-podnosnikami-100x41.jpg 100w, https:\/\/www.rejs.eu\/wp-content\/uploads\/2023\/04\/rama-lozka-z-podnosnikami-299x122.jpg 299w, https:\/\/www.rejs.eu\/wp-content\/uploads\/2023\/04\/rama-lozka-z-podnosnikami-467x191.jpg 467w\" sizes=\"auto, (max-width: 650px) 100vw, 650px\" \/><\/a><\/figure>\n<\/figure>\n\n\n\n<p><\/p>\n\n\n\n<h3 class=\"wp-block-heading\">Download:<\/h3>\n\n\n\n<p><a href=\"https:\/\/www.rejs.eu\/wp-content\/uploads\/2023\/04\/BED-FRAMES.pdf\" target=\"_blank\" rel=\"noreferrer noopener\">BED FRAMES<\/a><\/p>\n\n\n\n<p><a href=\"https:\/\/www.rejs.eu\/wp-content\/uploads\/2023\/04\/INDUSTRIAL-LEGS.pdf\" target=\"_blank\" rel=\"noreferrer noopener\">INDUSTRIAL LEGS<\/a><\/p>\n\n\n\n<p><a href=\"https:\/\/www.rejs.eu\/wp-content\/uploads\/2023\/04\/REJS-TAP.pdf\" target=\"_blank\" rel=\"noreferrer noopener\">REJS TAP<\/a><\/p>\n","protected":false},"excerpt":{"rendered":"<p>In our offer you can find, among others, furniture lifts, bed frames, headrests, furniture legs, and hinges that will allow you to create furniture tailored to your needs and requirements. If you need furniture lifts, you will find a wide assortment of different types of it. Our lifts allow for easy and conveniently opening and [&hellip;]<\/p>\n","protected":false},"author":1,"featured_media":40701,"parent":0,"menu_order":0,"comment_status":"closed","ping_status":"closed","template":"","meta":{"_acf_changed":false,"footnotes":""},"class_list":["post-40618","page","type-page","status-publish","has-post-thumbnail","hentry"],"acf":[],"yoast_head":"<!-- This site is optimized with the Yoast SEO plugin v25.5 - https:\/\/yoast.com\/wordpress\/plugins\/seo\/ -->\n<title>Upholstery accessories - Rejs<\/title>\n<meta name=\"robots\" content=\"index, follow, max-snippet:-1, max-image-preview:large, max-video-preview:-1\" \/>\n<meta property=\"og:locale\" content=\"en_US\" \/>\n<meta property=\"og:type\" content=\"article\" \/>\n<meta property=\"og:title\" content=\"Upholstery accessories - Rejs\" \/>\n<meta property=\"og:description\" content=\"In our offer you can find, among others, furniture lifts, bed frames, headrests, furniture legs, and hinges that will allow you to create furniture tailored to your needs and requirements. If you need furniture lifts, you will find a wide assortment of different types of it. Our lifts allow for easy and conveniently opening and [&hellip;]\" \/>\n<meta property=\"og:url\" content=\"https:\/\/www.rejs.eu\/en\/upholstery-accessories\/\" \/>\n<meta property=\"og:site_name\" content=\"Rejs\" \/>\n<meta property=\"article:modified_time\" content=\"2023-04-27T07:27:25+00:00\" \/>\n<meta property=\"og:image\" content=\"https:\/\/www.rejs.eu\/wp-content\/uploads\/2023\/04\/tap-poziom-1.jpg\" \/>\n\t<meta property=\"og:image:width\" content=\"1701\" \/>\n\t<meta property=\"og:image:height\" content=\"354\" \/>\n\t<meta property=\"og:image:type\" content=\"image\/jpeg\" \/>\n<meta name=\"twitter:card\" content=\"summary_large_image\" \/>\n<meta name=\"twitter:label1\" content=\"Est. reading time\" \/>\n\t<meta name=\"twitter:data1\" content=\"2 minutes\" \/>\n<script type=\"application\/ld+json\" class=\"yoast-schema-graph\">{\"@context\":\"https:\/\/schema.org\",\"@graph\":[{\"@type\":\"WebPage\",\"@id\":\"https:\/\/www.rejs.eu\/en\/upholstery-accessories\/\",\"url\":\"https:\/\/www.rejs.eu\/en\/upholstery-accessories\/\",\"name\":\"Upholstery accessories - Rejs\",\"isPartOf\":{\"@id\":\"https:\/\/www.rejs.eu\/#website\"},\"primaryImageOfPage\":{\"@id\":\"https:\/\/www.rejs.eu\/en\/upholstery-accessories\/#primaryimage\"},\"image\":{\"@id\":\"https:\/\/www.rejs.eu\/en\/upholstery-accessories\/#primaryimage\"},\"thumbnailUrl\":\"https:\/\/www.rejs.eu\/wp-content\/uploads\/2023\/04\/tap-poziom-1.jpg\",\"datePublished\":\"2023-04-25T12:46:14+00:00\",\"dateModified\":\"2023-04-27T07:27:25+00:00\",\"breadcrumb\":{\"@id\":\"https:\/\/www.rejs.eu\/en\/upholstery-accessories\/#breadcrumb\"},\"inLanguage\":\"en-US\",\"potentialAction\":[{\"@type\":\"ReadAction\",\"target\":[\"https:\/\/www.rejs.eu\/en\/upholstery-accessories\/\"]}]},{\"@type\":\"ImageObject\",\"inLanguage\":\"en-US\",\"@id\":\"https:\/\/www.rejs.eu\/en\/upholstery-accessories\/#primaryimage\",\"url\":\"https:\/\/www.rejs.eu\/wp-content\/uploads\/2023\/04\/tap-poziom-1.jpg\",\"contentUrl\":\"https:\/\/www.rejs.eu\/wp-content\/uploads\/2023\/04\/tap-poziom-1.jpg\",\"width\":1701,\"height\":354},{\"@type\":\"BreadcrumbList\",\"@id\":\"https:\/\/www.rejs.eu\/en\/upholstery-accessories\/#breadcrumb\",\"itemListElement\":[{\"@type\":\"ListItem\",\"position\":1,\"name\":\"Home\",\"item\":\"https:\/\/www.rejs.eu\/en\/\"},{\"@type\":\"ListItem\",\"position\":2,\"name\":\"Upholstery accessories\"}]},{\"@type\":\"WebSite\",\"@id\":\"https:\/\/www.rejs.eu\/#website\",\"url\":\"https:\/\/www.rejs.eu\/\",\"name\":\"Rejs\",\"description\":\"Rejs jest jedn\u0105 z wiod\u0105cych firm sektora akcesori\u00f3w meblowych w Europie, wyspecjalizowan\u0105 w produkcji element\u00f3w wyposa\u017cenia z drutu, stali i aluminium do nowoczesnej kuchni i garderoby.\",\"potentialAction\":[{\"@type\":\"SearchAction\",\"target\":{\"@type\":\"EntryPoint\",\"urlTemplate\":\"https:\/\/www.rejs.eu\/?s={search_term_string}\"},\"query-input\":{\"@type\":\"PropertyValueSpecification\",\"valueRequired\":true,\"valueName\":\"search_term_string\"}}],\"inLanguage\":\"en-US\"}]}<\/script>\n<!-- \/ Yoast SEO plugin. -->","yoast_head_json":{"title":"Upholstery accessories - Rejs","robots":{"index":"index","follow":"follow","max-snippet":"max-snippet:-1","max-image-preview":"max-image-preview:large","max-video-preview":"max-video-preview:-1"},"og_locale":"en_US","og_type":"article","og_title":"Upholstery accessories - Rejs","og_description":"In our offer you can find, among others, furniture lifts, bed frames, headrests, furniture legs, and hinges that will allow you to create furniture tailored to your needs and requirements. If you need furniture lifts, you will find a wide assortment of different types of it. Our lifts allow for easy and conveniently opening and [&hellip;]","og_url":"https:\/\/www.rejs.eu\/en\/upholstery-accessories\/","og_site_name":"Rejs","article_modified_time":"2023-04-27T07:27:25+00:00","og_image":[{"width":1701,"height":354,"url":"https:\/\/www.rejs.eu\/wp-content\/uploads\/2023\/04\/tap-poziom-1.jpg","type":"image\/jpeg"}],"twitter_card":"summary_large_image","twitter_misc":{"Est. reading time":"2 minutes"},"schema":{"@context":"https:\/\/schema.org","@graph":[{"@type":"WebPage","@id":"https:\/\/www.rejs.eu\/en\/upholstery-accessories\/","url":"https:\/\/www.rejs.eu\/en\/upholstery-accessories\/","name":"Upholstery accessories - Rejs","isPartOf":{"@id":"https:\/\/www.rejs.eu\/#website"},"primaryImageOfPage":{"@id":"https:\/\/www.rejs.eu\/en\/upholstery-accessories\/#primaryimage"},"image":{"@id":"https:\/\/www.rejs.eu\/en\/upholstery-accessories\/#primaryimage"},"thumbnailUrl":"https:\/\/www.rejs.eu\/wp-content\/uploads\/2023\/04\/tap-poziom-1.jpg","datePublished":"2023-04-25T12:46:14+00:00","dateModified":"2023-04-27T07:27:25+00:00","breadcrumb":{"@id":"https:\/\/www.rejs.eu\/en\/upholstery-accessories\/#breadcrumb"},"inLanguage":"en-US","potentialAction":[{"@type":"ReadAction","target":["https:\/\/www.rejs.eu\/en\/upholstery-accessories\/"]}]},{"@type":"ImageObject","inLanguage":"en-US","@id":"https:\/\/www.rejs.eu\/en\/upholstery-accessories\/#primaryimage","url":"https:\/\/www.rejs.eu\/wp-content\/uploads\/2023\/04\/tap-poziom-1.jpg","contentUrl":"https:\/\/www.rejs.eu\/wp-content\/uploads\/2023\/04\/tap-poziom-1.jpg","width":1701,"height":354},{"@type":"BreadcrumbList","@id":"https:\/\/www.rejs.eu\/en\/upholstery-accessories\/#breadcrumb","itemListElement":[{"@type":"ListItem","position":1,"name":"Home","item":"https:\/\/www.rejs.eu\/en\/"},{"@type":"ListItem","position":2,"name":"Upholstery accessories"}]},{"@type":"WebSite","@id":"https:\/\/www.rejs.eu\/#website","url":"https:\/\/www.rejs.eu\/","name":"Rejs","description":"Rejs jest jedn\u0105 z wiod\u0105cych firm sektora akcesori\u00f3w meblowych w Europie, wyspecjalizowan\u0105 w produkcji element\u00f3w wyposa\u017cenia z drutu, stali i aluminium do nowoczesnej kuchni i garderoby.","potentialAction":[{"@type":"SearchAction","target":{"@type":"EntryPoint","urlTemplate":"https:\/\/www.rejs.eu\/?s={search_term_string}"},"query-input":{"@type":"PropertyValueSpecification","valueRequired":true,"valueName":"search_term_string"}}],"inLanguage":"en-US"}]}},"_links":{"self":[{"href":"https:\/\/www.rejs.eu\/en\/wp-json\/wp\/v2\/pages\/40618","targetHints":{"allow":["GET"]}}],"collection":[{"href":"https:\/\/www.rejs.eu\/en\/wp-json\/wp\/v2\/pages"}],"about":[{"href":"https:\/\/www.rejs.eu\/en\/wp-json\/wp\/v2\/types\/page"}],"author":[{"embeddable":true,"href":"https:\/\/www.rejs.eu\/en\/wp-json\/wp\/v2\/users\/1"}],"replies":[{"embeddable":true,"href":"https:\/\/www.rejs.eu\/en\/wp-json\/wp\/v2\/comments?post=40618"}],"version-history":[{"count":13,"href":"https:\/\/www.rejs.eu\/en\/wp-json\/wp\/v2\/pages\/40618\/revisions"}],"predecessor-version":[{"id":40710,"href":"https:\/\/www.rejs.eu\/en\/wp-json\/wp\/v2\/pages\/40618\/revisions\/40710"}],"wp:featuredmedia":[{"embeddable":true,"href":"https:\/\/www.rejs.eu\/en\/wp-json\/wp\/v2\/media\/40701"}],"wp:attachment":[{"href":"https:\/\/www.rejs.eu\/en\/wp-json\/wp\/v2\/media?parent=40618"}],"curies":[{"name":"wp","href":"https:\/\/api.w.org\/{rel}","templated":true}]}}