{"id":1873,"date":"2017-04-25T09:37:41","date_gmt":"2017-04-25T09:37:41","guid":{"rendered":"http:\/\/www.rejs.eu\/?page_id=1873\/"},"modified":"2017-07-14T07:49:18","modified_gmt":"2017-07-14T07:49:18","slug":"home-page-2","status":"publish","type":"page","link":"https:\/\/www.rejs.eu\/en\/","title":{"rendered":"Home Page"},"content":{"rendered":"","protected":false},"excerpt":{"rendered":"","protected":false},"author":1,"featured_media":0,"parent":0,"menu_order":0,"comment_status":"closed","ping_status":"closed","template":"","meta":{"_acf_changed":false,"footnotes":""},"class_list":["post-1873","page","type-page","status-publish","hentry"],"acf":[],"yoast_head":"<!-- This site is optimized with the Yoast SEO plugin v25.5 - https:\/\/yoast.com\/wordpress\/plugins\/seo\/ -->\n<title>Home Page - Rejs<\/title>\n<meta name=\"robots\" content=\"index, follow, max-snippet:-1, max-image-preview:large, max-video-preview:-1\" \/>\n<meta property=\"og:locale\" content=\"en_US\" \/>\n<meta property=\"og:type\" content=\"article\" \/>\n<meta property=\"og:title\" content=\"Home Page - Rejs\" \/>\n<meta property=\"og:url\" content=\"https:\/\/www.rejs.eu\/en\/\" \/>\n<meta property=\"og:site_name\" content=\"Rejs\" \/>\n<meta property=\"article:modified_time\" content=\"2017-07-14T07:49:18+00:00\" \/>\n<meta name=\"twitter:card\" content=\"summary_large_image\" \/>\n<script type=\"application\/ld+json\" class=\"yoast-schema-graph\">{\"@context\":\"https:\/\/schema.org\",\"@graph\":[{\"@type\":\"WebPage\",\"@id\":\"https:\/\/www.rejs.eu\/en\/\",\"url\":\"https:\/\/www.rejs.eu\/en\/\",\"name\":\"Home Page - Rejs\",\"isPartOf\":{\"@id\":\"https:\/\/www.rejs.eu\/#website\"},\"datePublished\":\"2017-04-25T09:37:41+00:00\",\"dateModified\":\"2017-07-14T07:49:18+00:00\",\"breadcrumb\":{\"@id\":\"https:\/\/www.rejs.eu\/en\/#breadcrumb\"},\"inLanguage\":\"en-US\",\"potentialAction\":[{\"@type\":\"ReadAction\",\"target\":[\"https:\/\/www.rejs.eu\/en\/\"]}]},{\"@type\":\"BreadcrumbList\",\"@id\":\"https:\/\/www.rejs.eu\/en\/#breadcrumb\",\"itemListElement\":[{\"@type\":\"ListItem\",\"position\":1,\"name\":\"Home\",\"item\":\"https:\/\/www.rejs.eu\/en\/\"},{\"@type\":\"ListItem\",\"position\":2,\"name\":\"Home Page\"}]},{\"@type\":\"WebSite\",\"@id\":\"https:\/\/www.rejs.eu\/#website\",\"url\":\"https:\/\/www.rejs.eu\/\",\"name\":\"Rejs\",\"description\":\"Rejs jest jedn\u0105 z wiod\u0105cych firm sektora akcesori\u00f3w meblowych w Europie, wyspecjalizowan\u0105 w produkcji element\u00f3w wyposa\u017cenia z drutu, stali i aluminium do nowoczesnej kuchni i garderoby.\",\"potentialAction\":[{\"@type\":\"SearchAction\",\"target\":{\"@type\":\"EntryPoint\",\"urlTemplate\":\"https:\/\/www.rejs.eu\/?s={search_term_string}\"},\"query-input\":{\"@type\":\"PropertyValueSpecification\",\"valueRequired\":true,\"valueName\":\"search_term_string\"}}],\"inLanguage\":\"en-US\"}]}<\/script>\n<!-- \/ Yoast SEO plugin. -->","yoast_head_json":{"title":"Home Page - Rejs","robots":{"index":"index","follow":"follow","max-snippet":"max-snippet:-1","max-image-preview":"max-image-preview:large","max-video-preview":"max-video-preview:-1"},"og_locale":"en_US","og_type":"article","og_title":"Home Page - Rejs","og_url":"https:\/\/www.rejs.eu\/en\/","og_site_name":"Rejs","article_modified_time":"2017-07-14T07:49:18+00:00","twitter_card":"summary_large_image","schema":{"@context":"https:\/\/schema.org","@graph":[{"@type":"WebPage","@id":"https:\/\/www.rejs.eu\/en\/","url":"https:\/\/www.rejs.eu\/en\/","name":"Home Page - Rejs","isPartOf":{"@id":"https:\/\/www.rejs.eu\/#website"},"datePublished":"2017-04-25T09:37:41+00:00","dateModified":"2017-07-14T07:49:18+00:00","breadcrumb":{"@id":"https:\/\/www.rejs.eu\/en\/#breadcrumb"},"inLanguage":"en-US","potentialAction":[{"@type":"ReadAction","target":["https:\/\/www.rejs.eu\/en\/"]}]},{"@type":"BreadcrumbList","@id":"https:\/\/www.rejs.eu\/en\/#breadcrumb","itemListElement":[{"@type":"ListItem","position":1,"name":"Home","item":"https:\/\/www.rejs.eu\/en\/"},{"@type":"ListItem","position":2,"name":"Home Page"}]},{"@type":"WebSite","@id":"https:\/\/www.rejs.eu\/#website","url":"https:\/\/www.rejs.eu\/","name":"Rejs","description":"Rejs jest jedn\u0105 z wiod\u0105cych firm sektora akcesori\u00f3w meblowych w Europie, wyspecjalizowan\u0105 w produkcji element\u00f3w wyposa\u017cenia z drutu, stali i aluminium do nowoczesnej kuchni i garderoby.","potentialAction":[{"@type":"SearchAction","target":{"@type":"EntryPoint","urlTemplate":"https:\/\/www.rejs.eu\/?s={search_term_string}"},"query-input":{"@type":"PropertyValueSpecification","valueRequired":true,"valueName":"search_term_string"}}],"inLanguage":"en-US"}]}},"_links":{"self":[{"href":"https:\/\/www.rejs.eu\/en\/wp-json\/wp\/v2\/pages\/1873","targetHints":{"allow":["GET"]}}],"collection":[{"href":"https:\/\/www.rejs.eu\/en\/wp-json\/wp\/v2\/pages"}],"about":[{"href":"https:\/\/www.rejs.eu\/en\/wp-json\/wp\/v2\/types\/page"}],"author":[{"embeddable":true,"href":"https:\/\/www.rejs.eu\/en\/wp-json\/wp\/v2\/users\/1"}],"replies":[{"embeddable":true,"href":"https:\/\/www.rejs.eu\/en\/wp-json\/wp\/v2\/comments?post=1873"}],"version-history":[{"count":3,"href":"https:\/\/www.rejs.eu\/en\/wp-json\/wp\/v2\/pages\/1873\/revisions"}],"predecessor-version":[{"id":3160,"href":"https:\/\/www.rejs.eu\/en\/wp-json\/wp\/v2\/pages\/1873\/revisions\/3160"}],"wp:attachment":[{"href":"https:\/\/www.rejs.eu\/en\/wp-json\/wp\/v2\/media?parent=1873"}],"curies":[{"name":"wp","href":"https:\/\/api.w.org\/{rel}","templated":true}]}}