{"id":1334,"date":"2017-02-27T23:18:05","date_gmt":"2017-02-27T23:18:05","guid":{"rendered":"http:\/\/www.rejs.eu\/for-industry\/obrobka-plastyczna-rur-i-profili\/"},"modified":"2017-03-25T17:08:13","modified_gmt":"2017-03-25T17:08:13","slug":"tube-and-bar-processing","status":"publish","type":"page","link":"https:\/\/www.rejs.eu\/en\/for-industry\/tube-and-bar-processing\/","title":{"rendered":"Tube and bar processing"},"content":{"rendered":"<h3><strong>Tube and bar bending<\/strong><\/h3>\n<ul>\n<li>Type of machine: CNC tube bending center<\/li>\n<li>Manufacturer: WAFIOS, MACRI, BLM<\/li>\n<li>Models: WAFIOS BT10 and MACRI 60, BLM E-TURN 35<\/li>\n<\/ul>\n<p>\u00a0<strong>Bender basic parameters:<\/strong>\u00a0<\/p>\n<ul>\n<li>tube diameter \u00d812 &#8211; 80mm<\/li>\n<li>bar diameter \u00d812 &#8211; 18mm<\/li>\n<li>oval and square tube bending<\/li>\n<li>maximum input length 6000mm<\/li>\n<li>bending repeatability \u00b10,1\u00b0<\/li>\n<\/ul>\n<h3>\u00a0<strong>Tube and bar cutting<\/strong><\/h3>\n<ul>\n<li>Type of machine: CNC cutter<\/li>\n<li>Manufacturer: BLM<\/li>\n<li>Model: ADIGE TS72<\/li>\n<\/ul>\n<p>\u00a0<strong>Range of processing:<\/strong><\/p>\n<ul>\n<li>Cutting round, square, rectangular tube and bar<\/li>\n<li>round tube diameter \u00d810 &#8211; 102mm<\/li>\n<li>square tube 10&#215;10 &#8211; 80x80mm<\/li>\n<li>rectangular tube 15&#215;10 &#8211; 100x80mm<\/li>\n<li>bar diameter \u00d812-40mm<\/li>\n<\/ul>\n<p>\u00a0Machine is coupled with a deburring device.\u00a0<\/p>\n<div id='gallery-1' class='gallery galleryid-1334 gallery-columns-2 gallery-size-full'><figure class='gallery-item'>\n\t\t\t<div class='gallery-icon landscape'>\n\t\t\t\t<img loading=\"lazy\" decoding=\"async\" width=\"650\" height=\"266\" src=\"https:\/\/www.rejs.eu\/wp-content\/uploads\/2017\/02\/oprip04.jpg\" class=\"attachment-full size-full\" alt=\"\" srcset=\"https:\/\/www.rejs.eu\/wp-content\/uploads\/2017\/02\/oprip04.jpg 650w, https:\/\/www.rejs.eu\/wp-content\/uploads\/2017\/02\/oprip04-300x123.jpg 300w, https:\/\/www.rejs.eu\/wp-content\/uploads\/2017\/02\/oprip04-600x246.jpg 600w, https:\/\/www.rejs.eu\/wp-content\/uploads\/2017\/02\/oprip04-100x41.jpg 100w, https:\/\/www.rejs.eu\/wp-content\/uploads\/2017\/02\/oprip04-299x122.jpg 299w, https:\/\/www.rejs.eu\/wp-content\/uploads\/2017\/02\/oprip04-467x191.jpg 467w\" sizes=\"auto, (max-width: 650px) 100vw, 650px\" \/>\n\t\t\t<\/div><\/figure><figure class='gallery-item'>\n\t\t\t<div class='gallery-icon landscape'>\n\t\t\t\t<img loading=\"lazy\" decoding=\"async\" width=\"650\" height=\"266\" src=\"https:\/\/www.rejs.eu\/wp-content\/uploads\/2017\/02\/oprip03.jpg\" class=\"attachment-full size-full\" alt=\"\" srcset=\"https:\/\/www.rejs.eu\/wp-content\/uploads\/2017\/02\/oprip03.jpg 650w, https:\/\/www.rejs.eu\/wp-content\/uploads\/2017\/02\/oprip03-300x123.jpg 300w, https:\/\/www.rejs.eu\/wp-content\/uploads\/2017\/02\/oprip03-600x246.jpg 600w, https:\/\/www.rejs.eu\/wp-content\/uploads\/2017\/02\/oprip03-100x41.jpg 100w, https:\/\/www.rejs.eu\/wp-content\/uploads\/2017\/02\/oprip03-299x122.jpg 299w, https:\/\/www.rejs.eu\/wp-content\/uploads\/2017\/02\/oprip03-467x191.jpg 467w\" sizes=\"auto, (max-width: 650px) 100vw, 650px\" \/>\n\t\t\t<\/div><\/figure><figure class='gallery-item'>\n\t\t\t<div class='gallery-icon landscape'>\n\t\t\t\t<img loading=\"lazy\" decoding=\"async\" width=\"650\" height=\"266\" src=\"https:\/\/www.rejs.eu\/wp-content\/uploads\/2017\/02\/oprip02.jpg\" class=\"attachment-full size-full\" alt=\"\" srcset=\"https:\/\/www.rejs.eu\/wp-content\/uploads\/2017\/02\/oprip02.jpg 650w, https:\/\/www.rejs.eu\/wp-content\/uploads\/2017\/02\/oprip02-300x123.jpg 300w, https:\/\/www.rejs.eu\/wp-content\/uploads\/2017\/02\/oprip02-600x246.jpg 600w, https:\/\/www.rejs.eu\/wp-content\/uploads\/2017\/02\/oprip02-100x41.jpg 100w, https:\/\/www.rejs.eu\/wp-content\/uploads\/2017\/02\/oprip02-299x122.jpg 299w, https:\/\/www.rejs.eu\/wp-content\/uploads\/2017\/02\/oprip02-467x191.jpg 467w\" sizes=\"auto, (max-width: 650px) 100vw, 650px\" \/>\n\t\t\t<\/div><\/figure><figure class='gallery-item'>\n\t\t\t<div class='gallery-icon landscape'>\n\t\t\t\t<img loading=\"lazy\" decoding=\"async\" width=\"650\" height=\"266\" src=\"https:\/\/www.rejs.eu\/wp-content\/uploads\/2017\/02\/oprip01.jpg\" class=\"attachment-full size-full\" alt=\"\" srcset=\"https:\/\/www.rejs.eu\/wp-content\/uploads\/2017\/02\/oprip01.jpg 650w, https:\/\/www.rejs.eu\/wp-content\/uploads\/2017\/02\/oprip01-300x123.jpg 300w, https:\/\/www.rejs.eu\/wp-content\/uploads\/2017\/02\/oprip01-600x246.jpg 600w, https:\/\/www.rejs.eu\/wp-content\/uploads\/2017\/02\/oprip01-100x41.jpg 100w, https:\/\/www.rejs.eu\/wp-content\/uploads\/2017\/02\/oprip01-299x122.jpg 299w, https:\/\/www.rejs.eu\/wp-content\/uploads\/2017\/02\/oprip01-467x191.jpg 467w\" sizes=\"auto, (max-width: 650px) 100vw, 650px\" \/>\n\t\t\t<\/div><\/figure>\n\t\t<\/div>\n\n","protected":false},"excerpt":{"rendered":"<p>Tube and bar bending Type of machine: CNC tube bending center Manufacturer: WAFIOS, MACRI, BLM Models: WAFIOS BT10 and MACRI 60, BLM E-TURN 35 \u00a0Bender basic parameters:\u00a0 tube diameter \u00d812 &#8211; 80mm bar diameter \u00d812 &#8211; 18mm oval and square tube bending maximum input length 6000mm bending repeatability \u00b10,1\u00b0 \u00a0Tube and bar cutting Type of [&hellip;]<\/p>\n","protected":false},"author":1,"featured_media":0,"parent":1270,"menu_order":0,"comment_status":"closed","ping_status":"closed","template":"","meta":{"_acf_changed":false,"footnotes":""},"class_list":["post-1334","page","type-page","status-publish","hentry"],"acf":[],"yoast_head":"<!-- This site is optimized with the Yoast SEO plugin v25.5 - https:\/\/yoast.com\/wordpress\/plugins\/seo\/ -->\n<title>Tube and bar processing - Rejs<\/title>\n<meta name=\"robots\" content=\"index, follow, max-snippet:-1, max-image-preview:large, max-video-preview:-1\" \/>\n<meta property=\"og:locale\" content=\"en_US\" \/>\n<meta property=\"og:type\" content=\"article\" \/>\n<meta property=\"og:title\" content=\"Tube and bar processing - Rejs\" \/>\n<meta property=\"og:description\" content=\"Tube and bar bending Type of machine: CNC tube bending center Manufacturer: WAFIOS, MACRI, BLM Models: WAFIOS BT10 and MACRI 60, BLM E-TURN 35 \u00a0Bender basic parameters:\u00a0 tube diameter \u00d812 &#8211; 80mm bar diameter \u00d812 &#8211; 18mm oval and square tube bending maximum input length 6000mm bending repeatability \u00b10,1\u00b0 \u00a0Tube and bar cutting Type of [&hellip;]\" \/>\n<meta property=\"og:url\" content=\"https:\/\/www.rejs.eu\/en\/for-industry\/tube-and-bar-processing\/\" \/>\n<meta property=\"og:site_name\" content=\"Rejs\" \/>\n<meta property=\"article:modified_time\" content=\"2017-03-25T17:08:13+00:00\" \/>\n<meta name=\"twitter:card\" content=\"summary_large_image\" \/>\n<meta name=\"twitter:label1\" content=\"Est. reading time\" \/>\n\t<meta name=\"twitter:data1\" content=\"1 minute\" \/>\n<script type=\"application\/ld+json\" class=\"yoast-schema-graph\">{\"@context\":\"https:\/\/schema.org\",\"@graph\":[{\"@type\":\"WebPage\",\"@id\":\"https:\/\/www.rejs.eu\/en\/for-industry\/tube-and-bar-processing\/\",\"url\":\"https:\/\/www.rejs.eu\/en\/for-industry\/tube-and-bar-processing\/\",\"name\":\"Tube and bar processing - Rejs\",\"isPartOf\":{\"@id\":\"https:\/\/www.rejs.eu\/#website\"},\"datePublished\":\"2017-02-27T23:18:05+00:00\",\"dateModified\":\"2017-03-25T17:08:13+00:00\",\"breadcrumb\":{\"@id\":\"https:\/\/www.rejs.eu\/en\/for-industry\/tube-and-bar-processing\/#breadcrumb\"},\"inLanguage\":\"en-US\",\"potentialAction\":[{\"@type\":\"ReadAction\",\"target\":[\"https:\/\/www.rejs.eu\/en\/for-industry\/tube-and-bar-processing\/\"]}]},{\"@type\":\"BreadcrumbList\",\"@id\":\"https:\/\/www.rejs.eu\/en\/for-industry\/tube-and-bar-processing\/#breadcrumb\",\"itemListElement\":[{\"@type\":\"ListItem\",\"position\":1,\"name\":\"Home\",\"item\":\"https:\/\/www.rejs.eu\/en\/\"},{\"@type\":\"ListItem\",\"position\":2,\"name\":\"For Industry\",\"item\":\"https:\/\/www.rejs.eu\/en\/for-industry\/\"},{\"@type\":\"ListItem\",\"position\":3,\"name\":\"Tube and bar processing\"}]},{\"@type\":\"WebSite\",\"@id\":\"https:\/\/www.rejs.eu\/#website\",\"url\":\"https:\/\/www.rejs.eu\/\",\"name\":\"Rejs\",\"description\":\"Rejs jest jedn\u0105 z wiod\u0105cych firm sektora akcesori\u00f3w meblowych w Europie, wyspecjalizowan\u0105 w produkcji element\u00f3w wyposa\u017cenia z drutu, stali i aluminium do nowoczesnej kuchni i garderoby.\",\"potentialAction\":[{\"@type\":\"SearchAction\",\"target\":{\"@type\":\"EntryPoint\",\"urlTemplate\":\"https:\/\/www.rejs.eu\/?s={search_term_string}\"},\"query-input\":{\"@type\":\"PropertyValueSpecification\",\"valueRequired\":true,\"valueName\":\"search_term_string\"}}],\"inLanguage\":\"en-US\"}]}<\/script>\n<!-- \/ Yoast SEO plugin. -->","yoast_head_json":{"title":"Tube and bar processing - Rejs","robots":{"index":"index","follow":"follow","max-snippet":"max-snippet:-1","max-image-preview":"max-image-preview:large","max-video-preview":"max-video-preview:-1"},"og_locale":"en_US","og_type":"article","og_title":"Tube and bar processing - Rejs","og_description":"Tube and bar bending Type of machine: CNC tube bending center Manufacturer: WAFIOS, MACRI, BLM Models: WAFIOS BT10 and MACRI 60, BLM E-TURN 35 \u00a0Bender basic parameters:\u00a0 tube diameter \u00d812 &#8211; 80mm bar diameter \u00d812 &#8211; 18mm oval and square tube bending maximum input length 6000mm bending repeatability \u00b10,1\u00b0 \u00a0Tube and bar cutting Type of [&hellip;]","og_url":"https:\/\/www.rejs.eu\/en\/for-industry\/tube-and-bar-processing\/","og_site_name":"Rejs","article_modified_time":"2017-03-25T17:08:13+00:00","twitter_card":"summary_large_image","twitter_misc":{"Est. reading time":"1 minute"},"schema":{"@context":"https:\/\/schema.org","@graph":[{"@type":"WebPage","@id":"https:\/\/www.rejs.eu\/en\/for-industry\/tube-and-bar-processing\/","url":"https:\/\/www.rejs.eu\/en\/for-industry\/tube-and-bar-processing\/","name":"Tube and bar processing - Rejs","isPartOf":{"@id":"https:\/\/www.rejs.eu\/#website"},"datePublished":"2017-02-27T23:18:05+00:00","dateModified":"2017-03-25T17:08:13+00:00","breadcrumb":{"@id":"https:\/\/www.rejs.eu\/en\/for-industry\/tube-and-bar-processing\/#breadcrumb"},"inLanguage":"en-US","potentialAction":[{"@type":"ReadAction","target":["https:\/\/www.rejs.eu\/en\/for-industry\/tube-and-bar-processing\/"]}]},{"@type":"BreadcrumbList","@id":"https:\/\/www.rejs.eu\/en\/for-industry\/tube-and-bar-processing\/#breadcrumb","itemListElement":[{"@type":"ListItem","position":1,"name":"Home","item":"https:\/\/www.rejs.eu\/en\/"},{"@type":"ListItem","position":2,"name":"For Industry","item":"https:\/\/www.rejs.eu\/en\/for-industry\/"},{"@type":"ListItem","position":3,"name":"Tube and bar processing"}]},{"@type":"WebSite","@id":"https:\/\/www.rejs.eu\/#website","url":"https:\/\/www.rejs.eu\/","name":"Rejs","description":"Rejs jest jedn\u0105 z wiod\u0105cych firm sektora akcesori\u00f3w meblowych w Europie, wyspecjalizowan\u0105 w produkcji element\u00f3w wyposa\u017cenia z drutu, stali i aluminium do nowoczesnej kuchni i garderoby.","potentialAction":[{"@type":"SearchAction","target":{"@type":"EntryPoint","urlTemplate":"https:\/\/www.rejs.eu\/?s={search_term_string}"},"query-input":{"@type":"PropertyValueSpecification","valueRequired":true,"valueName":"search_term_string"}}],"inLanguage":"en-US"}]}},"_links":{"self":[{"href":"https:\/\/www.rejs.eu\/en\/wp-json\/wp\/v2\/pages\/1334","targetHints":{"allow":["GET"]}}],"collection":[{"href":"https:\/\/www.rejs.eu\/en\/wp-json\/wp\/v2\/pages"}],"about":[{"href":"https:\/\/www.rejs.eu\/en\/wp-json\/wp\/v2\/types\/page"}],"author":[{"embeddable":true,"href":"https:\/\/www.rejs.eu\/en\/wp-json\/wp\/v2\/users\/1"}],"replies":[{"embeddable":true,"href":"https:\/\/www.rejs.eu\/en\/wp-json\/wp\/v2\/comments?post=1334"}],"version-history":[{"count":2,"href":"https:\/\/www.rejs.eu\/en\/wp-json\/wp\/v2\/pages\/1334\/revisions"}],"predecessor-version":[{"id":1377,"href":"https:\/\/www.rejs.eu\/en\/wp-json\/wp\/v2\/pages\/1334\/revisions\/1377"}],"up":[{"embeddable":true,"href":"https:\/\/www.rejs.eu\/en\/wp-json\/wp\/v2\/pages\/1270"}],"wp:attachment":[{"href":"https:\/\/www.rejs.eu\/en\/wp-json\/wp\/v2\/media?parent=1334"}],"curies":[{"name":"wp","href":"https:\/\/api.w.org\/{rel}","templated":true}]}}