{"id":1328,"date":"2017-02-27T23:17:04","date_gmt":"2017-02-27T23:17:04","guid":{"rendered":"http:\/\/www.rejs.eu\/for-industry\/obrobka-aluminium\/"},"modified":"2017-03-25T17:11:13","modified_gmt":"2017-03-25T17:11:13","slug":"aluminium-processing","status":"publish","type":"page","link":"https:\/\/www.rejs.eu\/en\/for-industry\/aluminium-processing\/","title":{"rendered":"Aluminium processing"},"content":{"rendered":"<p><strong>Two-station CLASSIK ORION aluminium saw:<\/strong><\/p>\n<ul>\n<li>cutting angle adjustment<\/li>\n<li>cutting length range: 200-4200mm<\/li>\n<li>for closed and open profiles<\/li>\n<\/ul>\n<p><strong>Standard equipment for:<\/strong><\/p>\n<ul>\n<li>milling<\/li>\n<li>turning<\/li>\n<li>drilling<\/li>\n<li>threading<\/li>\n<li>punching<\/li>\n<li>bending<\/li>\n<\/ul>\n<div id='gallery-1' class='gallery galleryid-1328 gallery-columns-2 gallery-size-full'><figure class='gallery-item'>\n\t\t\t<div class='gallery-icon landscape'>\n\t\t\t\t<img loading=\"lazy\" decoding=\"async\" width=\"650\" height=\"266\" src=\"https:\/\/www.rejs.eu\/wp-content\/uploads\/2017\/02\/oa04.jpg\" class=\"attachment-full size-full\" alt=\"\" srcset=\"https:\/\/www.rejs.eu\/wp-content\/uploads\/2017\/02\/oa04.jpg 650w, https:\/\/www.rejs.eu\/wp-content\/uploads\/2017\/02\/oa04-300x123.jpg 300w, https:\/\/www.rejs.eu\/wp-content\/uploads\/2017\/02\/oa04-600x246.jpg 600w, https:\/\/www.rejs.eu\/wp-content\/uploads\/2017\/02\/oa04-100x41.jpg 100w, https:\/\/www.rejs.eu\/wp-content\/uploads\/2017\/02\/oa04-299x122.jpg 299w, https:\/\/www.rejs.eu\/wp-content\/uploads\/2017\/02\/oa04-467x191.jpg 467w\" sizes=\"auto, (max-width: 650px) 100vw, 650px\" \/>\n\t\t\t<\/div><\/figure><figure class='gallery-item'>\n\t\t\t<div class='gallery-icon landscape'>\n\t\t\t\t<img loading=\"lazy\" decoding=\"async\" width=\"650\" height=\"266\" src=\"https:\/\/www.rejs.eu\/wp-content\/uploads\/2017\/02\/oa03.jpg\" class=\"attachment-full size-full\" alt=\"\" srcset=\"https:\/\/www.rejs.eu\/wp-content\/uploads\/2017\/02\/oa03.jpg 650w, https:\/\/www.rejs.eu\/wp-content\/uploads\/2017\/02\/oa03-300x123.jpg 300w, https:\/\/www.rejs.eu\/wp-content\/uploads\/2017\/02\/oa03-600x246.jpg 600w, https:\/\/www.rejs.eu\/wp-content\/uploads\/2017\/02\/oa03-100x41.jpg 100w, https:\/\/www.rejs.eu\/wp-content\/uploads\/2017\/02\/oa03-299x122.jpg 299w, https:\/\/www.rejs.eu\/wp-content\/uploads\/2017\/02\/oa03-467x191.jpg 467w\" sizes=\"auto, (max-width: 650px) 100vw, 650px\" \/>\n\t\t\t<\/div><\/figure><figure class='gallery-item'>\n\t\t\t<div class='gallery-icon landscape'>\n\t\t\t\t<img loading=\"lazy\" decoding=\"async\" width=\"650\" height=\"266\" src=\"https:\/\/www.rejs.eu\/wp-content\/uploads\/2017\/02\/oa02.jpg\" class=\"attachment-full size-full\" alt=\"\" srcset=\"https:\/\/www.rejs.eu\/wp-content\/uploads\/2017\/02\/oa02.jpg 650w, https:\/\/www.rejs.eu\/wp-content\/uploads\/2017\/02\/oa02-300x123.jpg 300w, https:\/\/www.rejs.eu\/wp-content\/uploads\/2017\/02\/oa02-600x246.jpg 600w, https:\/\/www.rejs.eu\/wp-content\/uploads\/2017\/02\/oa02-100x41.jpg 100w, https:\/\/www.rejs.eu\/wp-content\/uploads\/2017\/02\/oa02-299x122.jpg 299w, https:\/\/www.rejs.eu\/wp-content\/uploads\/2017\/02\/oa02-467x191.jpg 467w\" sizes=\"auto, (max-width: 650px) 100vw, 650px\" \/>\n\t\t\t<\/div><\/figure><figure class='gallery-item'>\n\t\t\t<div class='gallery-icon landscape'>\n\t\t\t\t<img loading=\"lazy\" decoding=\"async\" width=\"650\" height=\"266\" src=\"https:\/\/www.rejs.eu\/wp-content\/uploads\/2017\/02\/oa01.jpg\" class=\"attachment-full size-full\" alt=\"\" srcset=\"https:\/\/www.rejs.eu\/wp-content\/uploads\/2017\/02\/oa01.jpg 650w, https:\/\/www.rejs.eu\/wp-content\/uploads\/2017\/02\/oa01-300x123.jpg 300w, https:\/\/www.rejs.eu\/wp-content\/uploads\/2017\/02\/oa01-600x246.jpg 600w, https:\/\/www.rejs.eu\/wp-content\/uploads\/2017\/02\/oa01-100x41.jpg 100w, https:\/\/www.rejs.eu\/wp-content\/uploads\/2017\/02\/oa01-299x122.jpg 299w, https:\/\/www.rejs.eu\/wp-content\/uploads\/2017\/02\/oa01-467x191.jpg 467w\" sizes=\"auto, (max-width: 650px) 100vw, 650px\" \/>\n\t\t\t<\/div><\/figure>\n\t\t<\/div>\n\n","protected":false},"excerpt":{"rendered":"<p>Two-station CLASSIK ORION aluminium saw: cutting angle adjustment cutting length range: 200-4200mm for closed and open profiles Standard equipment for: milling turning drilling threading punching bending<\/p>\n","protected":false},"author":1,"featured_media":0,"parent":1270,"menu_order":0,"comment_status":"closed","ping_status":"closed","template":"","meta":{"_acf_changed":false,"footnotes":""},"class_list":["post-1328","page","type-page","status-publish","hentry"],"acf":[],"yoast_head":"<!-- This site is optimized with the Yoast SEO plugin v25.5 - https:\/\/yoast.com\/wordpress\/plugins\/seo\/ -->\n<title>Aluminium processing - Rejs<\/title>\n<meta name=\"robots\" content=\"index, follow, max-snippet:-1, max-image-preview:large, max-video-preview:-1\" \/>\n<meta property=\"og:locale\" content=\"en_US\" \/>\n<meta property=\"og:type\" content=\"article\" \/>\n<meta property=\"og:title\" content=\"Aluminium processing - Rejs\" \/>\n<meta property=\"og:description\" content=\"Two-station CLASSIK ORION aluminium saw: cutting angle adjustment cutting length range: 200-4200mm for closed and open profiles Standard equipment for: milling turning drilling threading punching bending\" \/>\n<meta property=\"og:url\" content=\"https:\/\/www.rejs.eu\/en\/for-industry\/aluminium-processing\/\" \/>\n<meta property=\"og:site_name\" content=\"Rejs\" \/>\n<meta property=\"article:modified_time\" content=\"2017-03-25T17:11:13+00:00\" \/>\n<meta name=\"twitter:card\" content=\"summary_large_image\" \/>\n<script type=\"application\/ld+json\" class=\"yoast-schema-graph\">{\"@context\":\"https:\/\/schema.org\",\"@graph\":[{\"@type\":\"WebPage\",\"@id\":\"https:\/\/www.rejs.eu\/en\/for-industry\/aluminium-processing\/\",\"url\":\"https:\/\/www.rejs.eu\/en\/for-industry\/aluminium-processing\/\",\"name\":\"Aluminium processing - Rejs\",\"isPartOf\":{\"@id\":\"https:\/\/www.rejs.eu\/#website\"},\"datePublished\":\"2017-02-27T23:17:04+00:00\",\"dateModified\":\"2017-03-25T17:11:13+00:00\",\"breadcrumb\":{\"@id\":\"https:\/\/www.rejs.eu\/en\/for-industry\/aluminium-processing\/#breadcrumb\"},\"inLanguage\":\"en-US\",\"potentialAction\":[{\"@type\":\"ReadAction\",\"target\":[\"https:\/\/www.rejs.eu\/en\/for-industry\/aluminium-processing\/\"]}]},{\"@type\":\"BreadcrumbList\",\"@id\":\"https:\/\/www.rejs.eu\/en\/for-industry\/aluminium-processing\/#breadcrumb\",\"itemListElement\":[{\"@type\":\"ListItem\",\"position\":1,\"name\":\"Home\",\"item\":\"https:\/\/www.rejs.eu\/en\/\"},{\"@type\":\"ListItem\",\"position\":2,\"name\":\"For Industry\",\"item\":\"https:\/\/www.rejs.eu\/en\/for-industry\/\"},{\"@type\":\"ListItem\",\"position\":3,\"name\":\"Aluminium processing\"}]},{\"@type\":\"WebSite\",\"@id\":\"https:\/\/www.rejs.eu\/#website\",\"url\":\"https:\/\/www.rejs.eu\/\",\"name\":\"Rejs\",\"description\":\"Rejs jest jedn\u0105 z wiod\u0105cych firm sektora akcesori\u00f3w meblowych w Europie, wyspecjalizowan\u0105 w produkcji element\u00f3w wyposa\u017cenia z drutu, stali i aluminium do nowoczesnej kuchni i garderoby.\",\"potentialAction\":[{\"@type\":\"SearchAction\",\"target\":{\"@type\":\"EntryPoint\",\"urlTemplate\":\"https:\/\/www.rejs.eu\/?s={search_term_string}\"},\"query-input\":{\"@type\":\"PropertyValueSpecification\",\"valueRequired\":true,\"valueName\":\"search_term_string\"}}],\"inLanguage\":\"en-US\"}]}<\/script>\n<!-- \/ Yoast SEO plugin. -->","yoast_head_json":{"title":"Aluminium processing - Rejs","robots":{"index":"index","follow":"follow","max-snippet":"max-snippet:-1","max-image-preview":"max-image-preview:large","max-video-preview":"max-video-preview:-1"},"og_locale":"en_US","og_type":"article","og_title":"Aluminium processing - Rejs","og_description":"Two-station CLASSIK ORION aluminium saw: cutting angle adjustment cutting length range: 200-4200mm for closed and open profiles Standard equipment for: milling turning drilling threading punching bending","og_url":"https:\/\/www.rejs.eu\/en\/for-industry\/aluminium-processing\/","og_site_name":"Rejs","article_modified_time":"2017-03-25T17:11:13+00:00","twitter_card":"summary_large_image","schema":{"@context":"https:\/\/schema.org","@graph":[{"@type":"WebPage","@id":"https:\/\/www.rejs.eu\/en\/for-industry\/aluminium-processing\/","url":"https:\/\/www.rejs.eu\/en\/for-industry\/aluminium-processing\/","name":"Aluminium processing - Rejs","isPartOf":{"@id":"https:\/\/www.rejs.eu\/#website"},"datePublished":"2017-02-27T23:17:04+00:00","dateModified":"2017-03-25T17:11:13+00:00","breadcrumb":{"@id":"https:\/\/www.rejs.eu\/en\/for-industry\/aluminium-processing\/#breadcrumb"},"inLanguage":"en-US","potentialAction":[{"@type":"ReadAction","target":["https:\/\/www.rejs.eu\/en\/for-industry\/aluminium-processing\/"]}]},{"@type":"BreadcrumbList","@id":"https:\/\/www.rejs.eu\/en\/for-industry\/aluminium-processing\/#breadcrumb","itemListElement":[{"@type":"ListItem","position":1,"name":"Home","item":"https:\/\/www.rejs.eu\/en\/"},{"@type":"ListItem","position":2,"name":"For Industry","item":"https:\/\/www.rejs.eu\/en\/for-industry\/"},{"@type":"ListItem","position":3,"name":"Aluminium processing"}]},{"@type":"WebSite","@id":"https:\/\/www.rejs.eu\/#website","url":"https:\/\/www.rejs.eu\/","name":"Rejs","description":"Rejs jest jedn\u0105 z wiod\u0105cych firm sektora akcesori\u00f3w meblowych w Europie, wyspecjalizowan\u0105 w produkcji element\u00f3w wyposa\u017cenia z drutu, stali i aluminium do nowoczesnej kuchni i garderoby.","potentialAction":[{"@type":"SearchAction","target":{"@type":"EntryPoint","urlTemplate":"https:\/\/www.rejs.eu\/?s={search_term_string}"},"query-input":{"@type":"PropertyValueSpecification","valueRequired":true,"valueName":"search_term_string"}}],"inLanguage":"en-US"}]}},"_links":{"self":[{"href":"https:\/\/www.rejs.eu\/en\/wp-json\/wp\/v2\/pages\/1328","targetHints":{"allow":["GET"]}}],"collection":[{"href":"https:\/\/www.rejs.eu\/en\/wp-json\/wp\/v2\/pages"}],"about":[{"href":"https:\/\/www.rejs.eu\/en\/wp-json\/wp\/v2\/types\/page"}],"author":[{"embeddable":true,"href":"https:\/\/www.rejs.eu\/en\/wp-json\/wp\/v2\/users\/1"}],"replies":[{"embeddable":true,"href":"https:\/\/www.rejs.eu\/en\/wp-json\/wp\/v2\/comments?post=1328"}],"version-history":[{"count":1,"href":"https:\/\/www.rejs.eu\/en\/wp-json\/wp\/v2\/pages\/1328\/revisions"}],"predecessor-version":[{"id":1380,"href":"https:\/\/www.rejs.eu\/en\/wp-json\/wp\/v2\/pages\/1328\/revisions\/1380"}],"up":[{"embeddable":true,"href":"https:\/\/www.rejs.eu\/en\/wp-json\/wp\/v2\/pages\/1270"}],"wp:attachment":[{"href":"https:\/\/www.rejs.eu\/en\/wp-json\/wp\/v2\/media?parent=1328"}],"curies":[{"name":"wp","href":"https:\/\/api.w.org\/{rel}","templated":true}]}}