{"id":1326,"date":"2017-02-27T23:20:31","date_gmt":"2017-02-27T23:20:31","guid":{"rendered":"http:\/\/www.rejs.eu\/for-industry\/laserowa-obrobka-blach\/"},"modified":"2017-03-25T16:48:46","modified_gmt":"2017-03-25T16:48:46","slug":"laser-cutting","status":"publish","type":"page","link":"https:\/\/www.rejs.eu\/en\/for-industry\/laser-cutting\/","title":{"rendered":"Laser cutting"},"content":{"rendered":"<ul>\n<li>Type of machine: Laser<\/li>\n<li>Manufacturer: Mazak<\/li>\n<li>Model: 4000W HyperGear<\/li>\n<\/ul>\n<p><strong>Head working area 1500x3000mm:<\/strong><\/p>\n<ul>\n<li>Structural steel up to 16mm<\/li>\n<li>Stainless steel up to 10mm<\/li>\n<li>Aluminum up to 6mm<\/li>\n<\/ul>\n<p><strong>We assure:<\/strong><\/p>\n<ul>\n<li>any shape of the element<\/li>\n<li>perfect recurrence: head positioning precision \u00b1 0.01 \/ 500mm<\/li>\n<li>optimal use of the material<\/li>\n<\/ul>\n<div id='gallery-1' class='gallery galleryid-1326 gallery-columns-2 gallery-size-full'><figure class='gallery-item'>\n\t\t\t<div class='gallery-icon landscape'>\n\t\t\t\t<img loading=\"lazy\" decoding=\"async\" width=\"650\" height=\"266\" src=\"https:\/\/www.rejs.eu\/wp-content\/uploads\/2017\/02\/laser4.jpg\" class=\"attachment-full size-full\" alt=\"\" srcset=\"https:\/\/www.rejs.eu\/wp-content\/uploads\/2017\/02\/laser4.jpg 650w, https:\/\/www.rejs.eu\/wp-content\/uploads\/2017\/02\/laser4-300x123.jpg 300w, https:\/\/www.rejs.eu\/wp-content\/uploads\/2017\/02\/laser4-600x246.jpg 600w, https:\/\/www.rejs.eu\/wp-content\/uploads\/2017\/02\/laser4-100x41.jpg 100w, https:\/\/www.rejs.eu\/wp-content\/uploads\/2017\/02\/laser4-467x191.jpg 467w\" sizes=\"auto, (max-width: 650px) 100vw, 650px\" \/>\n\t\t\t<\/div><\/figure><figure class='gallery-item'>\n\t\t\t<div class='gallery-icon landscape'>\n\t\t\t\t<img loading=\"lazy\" decoding=\"async\" width=\"650\" height=\"266\" src=\"https:\/\/www.rejs.eu\/wp-content\/uploads\/2017\/02\/laser3.jpg\" class=\"attachment-full size-full\" alt=\"\" srcset=\"https:\/\/www.rejs.eu\/wp-content\/uploads\/2017\/02\/laser3.jpg 650w, https:\/\/www.rejs.eu\/wp-content\/uploads\/2017\/02\/laser3-300x123.jpg 300w, https:\/\/www.rejs.eu\/wp-content\/uploads\/2017\/02\/laser3-600x246.jpg 600w, https:\/\/www.rejs.eu\/wp-content\/uploads\/2017\/02\/laser3-100x41.jpg 100w, https:\/\/www.rejs.eu\/wp-content\/uploads\/2017\/02\/laser3-467x191.jpg 467w\" sizes=\"auto, (max-width: 650px) 100vw, 650px\" \/>\n\t\t\t<\/div><\/figure><figure class='gallery-item'>\n\t\t\t<div class='gallery-icon landscape'>\n\t\t\t\t<img loading=\"lazy\" decoding=\"async\" width=\"650\" height=\"266\" src=\"https:\/\/www.rejs.eu\/wp-content\/uploads\/2017\/02\/laser2.jpg\" class=\"attachment-full size-full\" alt=\"\" srcset=\"https:\/\/www.rejs.eu\/wp-content\/uploads\/2017\/02\/laser2.jpg 650w, https:\/\/www.rejs.eu\/wp-content\/uploads\/2017\/02\/laser2-300x123.jpg 300w, https:\/\/www.rejs.eu\/wp-content\/uploads\/2017\/02\/laser2-600x246.jpg 600w, https:\/\/www.rejs.eu\/wp-content\/uploads\/2017\/02\/laser2-100x41.jpg 100w, https:\/\/www.rejs.eu\/wp-content\/uploads\/2017\/02\/laser2-467x191.jpg 467w\" sizes=\"auto, (max-width: 650px) 100vw, 650px\" \/>\n\t\t\t<\/div><\/figure><figure class='gallery-item'>\n\t\t\t<div class='gallery-icon landscape'>\n\t\t\t\t<img loading=\"lazy\" decoding=\"async\" width=\"650\" height=\"266\" src=\"https:\/\/www.rejs.eu\/wp-content\/uploads\/2017\/02\/laser1.jpg\" class=\"attachment-full size-full\" alt=\"\" srcset=\"https:\/\/www.rejs.eu\/wp-content\/uploads\/2017\/02\/laser1.jpg 650w, https:\/\/www.rejs.eu\/wp-content\/uploads\/2017\/02\/laser1-300x123.jpg 300w, https:\/\/www.rejs.eu\/wp-content\/uploads\/2017\/02\/laser1-600x246.jpg 600w, https:\/\/www.rejs.eu\/wp-content\/uploads\/2017\/02\/laser1-100x41.jpg 100w, https:\/\/www.rejs.eu\/wp-content\/uploads\/2017\/02\/laser1-467x191.jpg 467w\" sizes=\"auto, (max-width: 650px) 100vw, 650px\" \/>\n\t\t\t<\/div><\/figure>\n\t\t<\/div>\n\n","protected":false},"excerpt":{"rendered":"<p>Type of machine: Laser Manufacturer: Mazak Model: 4000W HyperGear Head working area 1500x3000mm: Structural steel up to 16mm Stainless steel up to 10mm Aluminum up to 6mm We assure: any shape of the element perfect recurrence: head positioning precision \u00b1 0.01 \/ 500mm optimal use of the material<\/p>\n","protected":false},"author":1,"featured_media":969,"parent":1270,"menu_order":0,"comment_status":"closed","ping_status":"closed","template":"","meta":{"_acf_changed":false,"footnotes":""},"class_list":["post-1326","page","type-page","status-publish","has-post-thumbnail","hentry"],"acf":[],"yoast_head":"<!-- This site is optimized with the Yoast SEO plugin v25.5 - https:\/\/yoast.com\/wordpress\/plugins\/seo\/ -->\n<title>Laser cutting - Rejs<\/title>\n<meta name=\"robots\" content=\"index, follow, max-snippet:-1, max-image-preview:large, max-video-preview:-1\" \/>\n<meta property=\"og:locale\" content=\"en_US\" \/>\n<meta property=\"og:type\" content=\"article\" \/>\n<meta property=\"og:title\" content=\"Laser cutting - Rejs\" \/>\n<meta property=\"og:description\" content=\"Type of machine: Laser Manufacturer: Mazak Model: 4000W HyperGear Head working area 1500x3000mm: Structural steel up to 16mm Stainless steel up to 10mm Aluminum up to 6mm We assure: any shape of the element perfect recurrence: head positioning precision \u00b1 0.01 \/ 500mm optimal use of the material\" \/>\n<meta property=\"og:url\" content=\"https:\/\/www.rejs.eu\/en\/for-industry\/laser-cutting\/\" \/>\n<meta property=\"og:site_name\" content=\"Rejs\" \/>\n<meta property=\"article:modified_time\" content=\"2017-03-25T16:48:46+00:00\" \/>\n<meta property=\"og:image\" content=\"https:\/\/www.rejs.eu\/wp-content\/uploads\/2017\/02\/lakierownie-proszkowe-bg.jpg\" \/>\n\t<meta property=\"og:image:width\" content=\"1600\" \/>\n\t<meta property=\"og:image:height\" content=\"612\" \/>\n\t<meta property=\"og:image:type\" content=\"image\/jpeg\" \/>\n<meta name=\"twitter:card\" content=\"summary_large_image\" \/>\n<script type=\"application\/ld+json\" class=\"yoast-schema-graph\">{\"@context\":\"https:\/\/schema.org\",\"@graph\":[{\"@type\":\"WebPage\",\"@id\":\"https:\/\/www.rejs.eu\/en\/for-industry\/laser-cutting\/\",\"url\":\"https:\/\/www.rejs.eu\/en\/for-industry\/laser-cutting\/\",\"name\":\"Laser cutting - Rejs\",\"isPartOf\":{\"@id\":\"https:\/\/www.rejs.eu\/#website\"},\"primaryImageOfPage\":{\"@id\":\"https:\/\/www.rejs.eu\/en\/for-industry\/laser-cutting\/#primaryimage\"},\"image\":{\"@id\":\"https:\/\/www.rejs.eu\/en\/for-industry\/laser-cutting\/#primaryimage\"},\"thumbnailUrl\":\"https:\/\/www.rejs.eu\/wp-content\/uploads\/2017\/02\/lakierownie-proszkowe-bg.jpg\",\"datePublished\":\"2017-02-27T23:20:31+00:00\",\"dateModified\":\"2017-03-25T16:48:46+00:00\",\"breadcrumb\":{\"@id\":\"https:\/\/www.rejs.eu\/en\/for-industry\/laser-cutting\/#breadcrumb\"},\"inLanguage\":\"en-US\",\"potentialAction\":[{\"@type\":\"ReadAction\",\"target\":[\"https:\/\/www.rejs.eu\/en\/for-industry\/laser-cutting\/\"]}]},{\"@type\":\"ImageObject\",\"inLanguage\":\"en-US\",\"@id\":\"https:\/\/www.rejs.eu\/en\/for-industry\/laser-cutting\/#primaryimage\",\"url\":\"https:\/\/www.rejs.eu\/wp-content\/uploads\/2017\/02\/lakierownie-proszkowe-bg.jpg\",\"contentUrl\":\"https:\/\/www.rejs.eu\/wp-content\/uploads\/2017\/02\/lakierownie-proszkowe-bg.jpg\",\"width\":1600,\"height\":612},{\"@type\":\"BreadcrumbList\",\"@id\":\"https:\/\/www.rejs.eu\/en\/for-industry\/laser-cutting\/#breadcrumb\",\"itemListElement\":[{\"@type\":\"ListItem\",\"position\":1,\"name\":\"Home\",\"item\":\"https:\/\/www.rejs.eu\/en\/\"},{\"@type\":\"ListItem\",\"position\":2,\"name\":\"For Industry\",\"item\":\"https:\/\/www.rejs.eu\/en\/for-industry\/\"},{\"@type\":\"ListItem\",\"position\":3,\"name\":\"Laser cutting\"}]},{\"@type\":\"WebSite\",\"@id\":\"https:\/\/www.rejs.eu\/#website\",\"url\":\"https:\/\/www.rejs.eu\/\",\"name\":\"Rejs\",\"description\":\"Rejs jest jedn\u0105 z wiod\u0105cych firm sektora akcesori\u00f3w meblowych w Europie, wyspecjalizowan\u0105 w produkcji element\u00f3w wyposa\u017cenia z drutu, stali i aluminium do nowoczesnej kuchni i garderoby.\",\"potentialAction\":[{\"@type\":\"SearchAction\",\"target\":{\"@type\":\"EntryPoint\",\"urlTemplate\":\"https:\/\/www.rejs.eu\/?s={search_term_string}\"},\"query-input\":{\"@type\":\"PropertyValueSpecification\",\"valueRequired\":true,\"valueName\":\"search_term_string\"}}],\"inLanguage\":\"en-US\"}]}<\/script>\n<!-- \/ Yoast SEO plugin. -->","yoast_head_json":{"title":"Laser cutting - Rejs","robots":{"index":"index","follow":"follow","max-snippet":"max-snippet:-1","max-image-preview":"max-image-preview:large","max-video-preview":"max-video-preview:-1"},"og_locale":"en_US","og_type":"article","og_title":"Laser cutting - Rejs","og_description":"Type of machine: Laser Manufacturer: Mazak Model: 4000W HyperGear Head working area 1500x3000mm: Structural steel up to 16mm Stainless steel up to 10mm Aluminum up to 6mm We assure: any shape of the element perfect recurrence: head positioning precision \u00b1 0.01 \/ 500mm optimal use of the material","og_url":"https:\/\/www.rejs.eu\/en\/for-industry\/laser-cutting\/","og_site_name":"Rejs","article_modified_time":"2017-03-25T16:48:46+00:00","og_image":[{"width":1600,"height":612,"url":"https:\/\/www.rejs.eu\/wp-content\/uploads\/2017\/02\/lakierownie-proszkowe-bg.jpg","type":"image\/jpeg"}],"twitter_card":"summary_large_image","schema":{"@context":"https:\/\/schema.org","@graph":[{"@type":"WebPage","@id":"https:\/\/www.rejs.eu\/en\/for-industry\/laser-cutting\/","url":"https:\/\/www.rejs.eu\/en\/for-industry\/laser-cutting\/","name":"Laser cutting - Rejs","isPartOf":{"@id":"https:\/\/www.rejs.eu\/#website"},"primaryImageOfPage":{"@id":"https:\/\/www.rejs.eu\/en\/for-industry\/laser-cutting\/#primaryimage"},"image":{"@id":"https:\/\/www.rejs.eu\/en\/for-industry\/laser-cutting\/#primaryimage"},"thumbnailUrl":"https:\/\/www.rejs.eu\/wp-content\/uploads\/2017\/02\/lakierownie-proszkowe-bg.jpg","datePublished":"2017-02-27T23:20:31+00:00","dateModified":"2017-03-25T16:48:46+00:00","breadcrumb":{"@id":"https:\/\/www.rejs.eu\/en\/for-industry\/laser-cutting\/#breadcrumb"},"inLanguage":"en-US","potentialAction":[{"@type":"ReadAction","target":["https:\/\/www.rejs.eu\/en\/for-industry\/laser-cutting\/"]}]},{"@type":"ImageObject","inLanguage":"en-US","@id":"https:\/\/www.rejs.eu\/en\/for-industry\/laser-cutting\/#primaryimage","url":"https:\/\/www.rejs.eu\/wp-content\/uploads\/2017\/02\/lakierownie-proszkowe-bg.jpg","contentUrl":"https:\/\/www.rejs.eu\/wp-content\/uploads\/2017\/02\/lakierownie-proszkowe-bg.jpg","width":1600,"height":612},{"@type":"BreadcrumbList","@id":"https:\/\/www.rejs.eu\/en\/for-industry\/laser-cutting\/#breadcrumb","itemListElement":[{"@type":"ListItem","position":1,"name":"Home","item":"https:\/\/www.rejs.eu\/en\/"},{"@type":"ListItem","position":2,"name":"For Industry","item":"https:\/\/www.rejs.eu\/en\/for-industry\/"},{"@type":"ListItem","position":3,"name":"Laser cutting"}]},{"@type":"WebSite","@id":"https:\/\/www.rejs.eu\/#website","url":"https:\/\/www.rejs.eu\/","name":"Rejs","description":"Rejs jest jedn\u0105 z wiod\u0105cych firm sektora akcesori\u00f3w meblowych w Europie, wyspecjalizowan\u0105 w produkcji element\u00f3w wyposa\u017cenia z drutu, stali i aluminium do nowoczesnej kuchni i garderoby.","potentialAction":[{"@type":"SearchAction","target":{"@type":"EntryPoint","urlTemplate":"https:\/\/www.rejs.eu\/?s={search_term_string}"},"query-input":{"@type":"PropertyValueSpecification","valueRequired":true,"valueName":"search_term_string"}}],"inLanguage":"en-US"}]}},"_links":{"self":[{"href":"https:\/\/www.rejs.eu\/en\/wp-json\/wp\/v2\/pages\/1326","targetHints":{"allow":["GET"]}}],"collection":[{"href":"https:\/\/www.rejs.eu\/en\/wp-json\/wp\/v2\/pages"}],"about":[{"href":"https:\/\/www.rejs.eu\/en\/wp-json\/wp\/v2\/types\/page"}],"author":[{"embeddable":true,"href":"https:\/\/www.rejs.eu\/en\/wp-json\/wp\/v2\/users\/1"}],"replies":[{"embeddable":true,"href":"https:\/\/www.rejs.eu\/en\/wp-json\/wp\/v2\/comments?post=1326"}],"version-history":[{"count":1,"href":"https:\/\/www.rejs.eu\/en\/wp-json\/wp\/v2\/pages\/1326\/revisions"}],"predecessor-version":[{"id":1363,"href":"https:\/\/www.rejs.eu\/en\/wp-json\/wp\/v2\/pages\/1326\/revisions\/1363"}],"up":[{"embeddable":true,"href":"https:\/\/www.rejs.eu\/en\/wp-json\/wp\/v2\/pages\/1270"}],"wp:featuredmedia":[{"embeddable":true,"href":"https:\/\/www.rejs.eu\/en\/wp-json\/wp\/v2\/media\/969"}],"wp:attachment":[{"href":"https:\/\/www.rejs.eu\/en\/wp-json\/wp\/v2\/media?parent=1326"}],"curies":[{"name":"wp","href":"https:\/\/api.w.org\/{rel}","templated":true}]}}